{"id":25,"date":"2023-04-26T10:43:17","date_gmt":"2023-04-26T10:43:17","guid":{"rendered":"https:\/\/santosdacunha.com\/coboleo\/?page_id=25"},"modified":"2023-04-26T12:45:49","modified_gmt":"2023-04-26T12:45:49","slug":"contactos","status":"publish","type":"page","link":"https:\/\/santosdacunha.com\/coboleo\/contactos\/","title":{"rendered":"Contactos"},"content":{"rendered":"<div class=\"wpb-content-wrapper\"><p>[vc_row][vc_column][dfd_spacer screen_wide_spacer_size=&#8221;100&#8243; screen_normal_resolution=&#8221;1024&#8243; screen_tablet_resolution=&#8221;800&#8243; screen_mobile_resolution=&#8221;480&#8243; screen_mobile_spacer_size=&#8221;0&#8243;][\/vc_column][\/vc_row][vc_row][vc_column width=&#8221;1\/2&#8243; dfd_column_responsive_enable=&#8221;dfd-column-responsive-enable&#8221; col_shadow=&#8221;box_shadow_enable:disable|shadow_horizontal:0|shadow_vertical:15|shadow_blur:50|shadow_spread:0|box_shadow_color:rgba(0%2C0%2C0%2C0.35)&#8221; col_shadow_hover=&#8221;box_shadow_enable:disable|shadow_horizontal:0|shadow_vertical:15|shadow_blur:50|shadow_spread:0|box_shadow_color:rgba(0%2C0%2C0%2C0.35)&#8221; responsive_styles=&#8221;padding_left_mobile:5|padding_right_mobile:5&#8243; offset=&#8221;vc_hidden-sm vc_hidden-xs&#8221;][dfd_heading subtitle=&#8221;&#8221; content_alignment=&#8221;text-left&#8221; enable_delimiter=&#8221;&#8221; undefined=&#8221;&#8221; title_font_options=&#8221;tag:h2|font_size:20|line_height:25|letter_spacing:1&#8243; subtitle_font_options=&#8221;tag:div&#8221; tutorials=&#8221;&#8221;]Fale connosco ainda hoje.<br \/>\nComo podemos ajudar?[\/dfd_heading][dfd_spacer screen_wide_spacer_size=&#8221;40&#8243; screen_normal_resolution=&#8221;1024&#8243; screen_tablet_resolution=&#8221;800&#8243; screen_mobile_resolution=&#8221;480&#8243;][vc_column_text]Poder\u00e1 deixar-nos aqui a sua opini\u00e3o pois \u00e9 muito importante para n\u00f3s ou esclare\u00e7a todas as suas d\u00favidas sobre os nossos produtos e servi\u00e7os. Somos uma empresa certificada pelo ISO 9001, especialistas em lubrificantes Galp. Protegemos o meio ambiente efetuando o tratamento de \u00f3leo usado de forma profissional e ecol\u00f3gica. Al\u00e9m da nossa vasta gama de produtos e servi\u00e7os, colocamos ao seu dispor uma equipa de t\u00e9cnicos preparados para lhe apresentar as melhores solu\u00e7\u00f5es ao melhor pre\u00e7o. A Galp \u00e9 l\u00edder no mercado nacional nos segmentos autom\u00f3vel e ind\u00fastria e reconhecida e elogiada pelos principais construtores de equipamentos. Os autom\u00f3veis necessitam de um lubrificante adequado que, conjuntamente com uma correta manuten\u00e7\u00e3o, garanta a qualidade da lubrifica\u00e7\u00e3o e, desta forma, assegure as boas condi\u00e7\u00f5es de funcionamento do motor. Um motor gripado por falta de lubrifica\u00e7\u00e3o \u00e9 um preju\u00edzo consider\u00e1vel e um dano perfeitamente evit\u00e1vel. Verifique regularmente o n\u00edvel do seu \u00f3leo e proteja-o do desgaste. Para saber o lubrificante certo para o seu ve\u00edculo, consulte-nos sem compromisso.[\/vc_column_text][dfd_spacer screen_wide_spacer_size=&#8221;40&#8243; screen_normal_resolution=&#8221;1024&#8243; screen_tablet_resolution=&#8221;800&#8243; screen_mobile_resolution=&#8221;480&#8243;][vc_row_inner][vc_column_inner width=&#8221;1\/2&#8243; dfd_column_responsive_enable=&#8221;dfd-column-responsive-enable&#8221; col_inner_shadow=&#8221;box_shadow_enable:disable|shadow_horizontal:0|shadow_vertical:15|shadow_blur:50|shadow_spread:0|box_shadow_color:rgba(0%2C0%2C0%2C0.35)&#8221; col_inner_shadow_hover=&#8221;box_shadow_enable:disable|shadow_horizontal:0|shadow_vertical:15|shadow_blur:50|shadow_spread:0|box_shadow_color:rgba(0%2C0%2C0%2C0.35)&#8221; responsive_styles=&#8221;padding_left_mobile:5|padding_right_mobile:5&#8243;][dfd_heading subtitle=&#8221;&#8221; content_alignment=&#8221;text-left&#8221; enable_delimiter=&#8221;&#8221; undefined=&#8221;&#8221; title_font_options=&#8221;tag:h2|font_size:16&#8243; subtitle_font_options=&#8221;tag:div&#8221;]Sede[\/dfd_heading][dfd_spacer screen_wide_spacer_size=&#8221;20&#8243; screen_normal_resolution=&#8221;1024&#8243; screen_tablet_resolution=&#8221;800&#8243; screen_mobile_resolution=&#8221;480&#8243;][vc_column_text]Parque Industrial de Celeir\u00f3s,<br \/>\n2\u00aa Fase Lote D-Um<br \/>\n4705-414 Celeir\u00f3s Braga<br \/>\nRede Fixa Nacional: 253 605 780<br \/>\nRede Fixa Nacional | Fax: 253 605 789<br \/>\n<a href=\"mailto:coboleo@santosdacunha.com\">coboleo@santosdacunha.com<\/a>[\/vc_column_text][\/vc_column_inner][vc_column_inner width=&#8221;1\/2&#8243; dfd_column_responsive_enable=&#8221;dfd-column-responsive-enable&#8221; col_inner_shadow=&#8221;box_shadow_enable:disable|shadow_horizontal:0|shadow_vertical:15|shadow_blur:50|shadow_spread:0|box_shadow_color:rgba(0%2C0%2C0%2C0.35)&#8221; col_inner_shadow_hover=&#8221;box_shadow_enable:disable|shadow_horizontal:0|shadow_vertical:15|shadow_blur:50|shadow_spread:0|box_shadow_color:rgba(0%2C0%2C0%2C0.35)&#8221; responsive_styles=&#8221;padding_left_mobile:5|padding_right_mobile:5&#8243;][vc_column_text][\/vc_column_text][\/vc_column_inner][\/vc_row_inner][\/vc_column][vc_column width=&#8221;1\/2&#8243; dfd_column_responsive_enable=&#8221;dfd-column-responsive-enable&#8221; col_shadow=&#8221;box_shadow_enable:disable|shadow_horizontal:0|shadow_vertical:15|shadow_blur:50|shadow_spread:0|box_shadow_color:rgba(0%2C0%2C0%2C0.35)&#8221; col_shadow_hover=&#8221;box_shadow_enable:disable|shadow_horizontal:0|shadow_vertical:15|shadow_blur:50|shadow_spread:0|box_shadow_color:rgba(0%2C0%2C0%2C0.35)&#8221; responsive_styles=&#8221;padding_left_mobile:5|padding_right_mobile:5&#8243; offset=&#8221;vc_hidden-sm vc_hidden-xs&#8221;][dfd_user_form input_background=&#8221;#ffffff&#8221; hover_style_input=&#8221;simple&#8221; show_label_text=&#8221;on&#8221; horiz_margin_btw_inputs=&#8221;10&#8243; button_border_width=&#8221;1&#8243; button_border_color=&#8221;#474747&#8243; button_border_color_on_hover=&#8221;#eded09&#8243; button_border_style=&#8221;solid&#8221; button_border_radius=&#8221;0&#8243; button_backgrond=&#8221;#ffffff&#8221; hover_button_backgrond=&#8221;#ffffff&#8221; button_color_text=&#8221;#afafaf&#8221; button_hover_color_text=&#8221;#eded09&#8243; btn_message=&#8221;ENVIAR MENSAGEM&#8221; btn_width=&#8221;dfd-third-size&#8221; use_recaptcha=&#8221;yes&#8221; recaptcha_publickey=&#8221;6Lc1E4UUAAAAAED6vKRtXubw1sU2BUY0UScpzWfb&#8221; recaptcha_privatekey=&#8221;6Lc1E4UUAAAAAAVX_UmvZyqQUYon2xQE7xPY6Gsf&#8221; email_to=&#8221;geral@art4youportugal.com, ruicoelho@santosdacunha.com&#8221; email_subject=&#8221;Contacto Coboleo&#8221; use_custom_layout=&#8221;on&#8221; layout_builder=&#8221;{1+}{&#8220;name&#8220;:&#8220;&#8220;,&#8220;presets&#8220;:{1+}{&#8220;name&#8220;:&#8220;col1&#8220;}{+1}},{&#8220;name&#8220;:&#8220;&#8220;,&#8220;presets&#8220;:{1+}{&#8220;name&#8220;:&#8220;add_col&#8220;}{+1}},{&#8220;name&#8220;:&#8220;&#8220;,&#8220;presets&#8220;:{1+}{&#8220;name&#8220;:&#8220;add_col&#8220;}{+1}},{&#8220;name&#8220;:&#8220;&#8220;,&#8220;presets&#8220;:{1+}{&#8220;name&#8220;:&#8220;add_col&#8220;}{+1}},{&#8220;name&#8220;:&#8220;&#8220;,&#8220;presets&#8220;:{1+}{&#8220;name&#8220;:&#8220;add_col&#8220;}{+1}},{&#8220;name&#8220;:&#8220;&#8220;,&#8220;presets&#8220;:{1+}{&#8220;name&#8220;:&#8220;add_col&#8220;}{+1}}{+1}&#8221; custom_template=&#8221;{&#8220;1-1&#8220;:{&#8220;text_name&#8220;:{&#8220;&#8220;:&#8220;&#8220;,&#8220;required-1&#8220;:&#8220;1&#8220;,&#8220;name&#8220;:&#8220;Nome*&#8220;}},&#8220;2-1&#8220;:{&#8220;telephone&#8220;:{&#8220;required-1&#8220;:&#8220;1&#8220;,&#8220;name&#8220;:&#8220;Contacto*&#8220;}},&#8220;3-1&#8220;:{&#8220;email&#8220;:{&#8220;name&#8220;:&#8220;Email*&#8220;,&#8220;akismet_comment_author_email-1&#8220;:&#8220;1&#8220;}},&#8220;4-1&#8220;:{&#8220;text_name&#8220;:{&#8220;required-1&#8220;:&#8220;1&#8220;,&#8220;name&#8220;:&#8220;Assunto*&#8220;,&#8220;akismet_comment_author-1&#8220;:&#8220;1&#8220;}},&#8220;5-1&#8220;:{&#8220;textarea_name&#8220;:{&#8220;required-1&#8220;:&#8220;1&#8220;,&#8220;name&#8220;:&#8220;Mensagem*&#8220;}},&#8220;6-1&#8220;:{&#8220;radio_name&#8220;:{&#8220;options&#8220;:&#8220; Autorizo a comunica\u00e7\u00e3o e utiliza\u00e7\u00e3o dos meus dados para a\u00e7\u00f5es de marketing da empresa Coboleo Distribui\u00e7\u00e3o de Combust\u00edveis e Lubrificantes, Lda..&#8220;}}}&#8221; borderwidth=&#8221;1&#8243; use_google_fonts_input=&#8221;yes&#8221; custom_fonts_input=&#8221;font_family:Open%20Sans%3A300%2C300italic%2Cregular%2Citalic%2C600%2C600italic%2C700%2C700italic%2C800%2C800italic|font_style:400%20regular%3A400%3Anormal&#8221;]De: <span id=\"available_fields_for_builder\">{{text_name-1-1}}<\/span><span id=\"available_fields_for_builder\"><br \/>\nContacto: {{telephone-2-1}}<br \/>\nEmail: {{email-3-1}}<br \/>\nAssunto: {{text_name-4-1}}<br \/>\nMensagem: {{textarea_name-5-1}}<br \/>\n{{radio_name-6-1}}<\/span><\/p>\n<p>Esta mensagem foi enviada atrav\u00e9s do site Coboleo Distribui\u00e7\u00e3o de Combust\u00edveis e Lubrificantes, Lda..<\/p>\n<p>[\/dfd_user_form][\/vc_column][\/vc_row][vc_row][vc_column width=&#8221;1\/2&#8243; dfd_column_responsive_enable=&#8221;dfd-column-responsive-enable&#8221; col_shadow=&#8221;box_shadow_enable:disable|shadow_horizontal:0|shadow_vertical:15|shadow_blur:50|shadow_spread:0|box_shadow_color:rgba(0%2C0%2C0%2C0.35)&#8221; col_shadow_hover=&#8221;box_shadow_enable:disable|shadow_horizontal:0|shadow_vertical:15|shadow_blur:50|shadow_spread:0|box_shadow_color:rgba(0%2C0%2C0%2C0.35)&#8221; responsive_styles=&#8221;padding_left_mobile:5|padding_right_mobile:5&#8243; offset=&#8221;vc_hidden-lg vc_hidden-md&#8221;][dfd_heading subtitle=&#8221;&#8221; content_alignment=&#8221;text-left&#8221; enable_delimiter=&#8221;&#8221; undefined=&#8221;&#8221; title_font_options=&#8221;tag:h2|font_size:20|line_height:25&#8243; subtitle_font_options=&#8221;tag:div&#8221;]Fale connosco ainda hoje.<br \/>\nComo podemos ajudar?<\/p>\n<p>[\/dfd_heading][dfd_spacer screen_wide_spacer_size=&#8221;40&#8243; screen_normal_resolution=&#8221;1024&#8243; screen_tablet_resolution=&#8221;800&#8243; screen_mobile_resolution=&#8221;480&#8243; screen_mobile_spacer_size=&#8221;10&#8243;][vc_column_text]Poder\u00e1 deixar-nos aqui a sua opini\u00e3o pois \u00e9 muito importante para n\u00f3s ou esclare\u00e7a todas as suas d\u00favidas sobre os nossos produtos e servi\u00e7os. Somos uma empresa certificada pelo ISO 9001, especialistas em lubrificantes Galp. Protegemos o meio ambiente efetuando o tratamento de \u00f3leo usado de forma profissional e ecol\u00f3gica. Al\u00e9m da nossa vasta gama de produtos e servi\u00e7os, colocamos ao seu dispor uma equipa de t\u00e9cnicos preparados para lhe apresentar as melhores solu\u00e7\u00f5es ao melhor pre\u00e7o. A Galp \u00e9 l\u00edder no mercado nacional nos segmentos autom\u00f3vel e ind\u00fastria e reconhecida e elogiada pelos principais construtores de equipamentos. Os autom\u00f3veis necessitam de um lubrificante adequado que, conjuntamente com uma correta manuten\u00e7\u00e3o, garanta a qualidade da lubrifica\u00e7\u00e3o e, desta forma, assegure as boas condi\u00e7\u00f5es de funcionamento do motor. Um motor gripado por falta de lubrifica\u00e7\u00e3o \u00e9 um preju\u00edzo consider\u00e1vel e um dano perfeitamente evit\u00e1vel. Verifique regularmente o n\u00edvel do seu \u00f3leo e proteja-o do desgaste. Para saber o lubrificante certo para o seu ve\u00edculo, consulte-nos sem compromisso.[\/vc_column_text][dfd_spacer screen_wide_spacer_size=&#8221;40&#8243; screen_normal_resolution=&#8221;1024&#8243; screen_tablet_resolution=&#8221;800&#8243; screen_mobile_resolution=&#8221;480&#8243;][vc_row_inner][vc_column_inner width=&#8221;1\/2&#8243; dfd_column_responsive_enable=&#8221;dfd-column-responsive-enable&#8221; col_inner_shadow=&#8221;box_shadow_enable:disable|shadow_horizontal:0|shadow_vertical:15|shadow_blur:50|shadow_spread:0|box_shadow_color:rgba(0%2C0%2C0%2C0.35)&#8221; col_inner_shadow_hover=&#8221;box_shadow_enable:disable|shadow_horizontal:0|shadow_vertical:15|shadow_blur:50|shadow_spread:0|box_shadow_color:rgba(0%2C0%2C0%2C0.35)&#8221; responsive_styles=&#8221;padding_left_mobile:5|padding_right_mobile:5&#8243;][dfd_heading subtitle=&#8221;&#8221; content_alignment=&#8221;text-left&#8221; enable_delimiter=&#8221;&#8221; undefined=&#8221;&#8221; title_font_options=&#8221;tag:h2|font_size:16&#8243; subtitle_font_options=&#8221;tag:div&#8221;]Sede[\/dfd_heading][dfd_spacer screen_wide_spacer_size=&#8221;20&#8243; screen_normal_resolution=&#8221;1024&#8243; screen_tablet_resolution=&#8221;800&#8243; screen_mobile_resolution=&#8221;480&#8243;][vc_column_text]Parque Industrial de Celeir\u00f3s,<br \/>\n2\u00aa Fase Lote D-Um<br \/>\n4705-414 Celeir\u00f3s Braga<br \/>\nT. 253 605 780<br \/>\nF. 253 605 789<br \/>\n<a href=\"mailto:coboleo@santosdacunha.com\">coboleo@santosdacunha.com<\/a>[\/vc_column_text][\/vc_column_inner][vc_column_inner width=&#8221;1\/2&#8243; dfd_column_responsive_enable=&#8221;dfd-column-responsive-enable&#8221; col_inner_shadow=&#8221;box_shadow_enable:disable|shadow_horizontal:0|shadow_vertical:15|shadow_blur:50|shadow_spread:0|box_shadow_color:rgba(0%2C0%2C0%2C0.35)&#8221; col_inner_shadow_hover=&#8221;box_shadow_enable:disable|shadow_horizontal:0|shadow_vertical:15|shadow_blur:50|shadow_spread:0|box_shadow_color:rgba(0%2C0%2C0%2C0.35)&#8221; responsive_styles=&#8221;padding_left_mobile:5|padding_right_mobile:5&#8243;][dfd_spacer screen_wide_spacer_size=&#8221;20&#8243; screen_normal_resolution=&#8221;1024&#8243; screen_tablet_resolution=&#8221;800&#8243; screen_mobile_resolution=&#8221;480&#8243;][dfd_heading subtitle=&#8221;&#8221; content_alignment=&#8221;text-left&#8221; enable_delimiter=&#8221;&#8221; undefined=&#8221;&#8221; title_font_options=&#8221;tag:h2|font_size:16&#8243; subtitle_font_options=&#8221;tag:div&#8221;]Braga[\/dfd_heading][dfd_spacer screen_wide_spacer_size=&#8221;20&#8243; screen_normal_resolution=&#8221;1024&#8243; screen_tablet_resolution=&#8221;800&#8243; screen_mobile_resolution=&#8221;480&#8243;][vc_column_text]Rua D. Diogo de Sousa, n.\u00ba 30<br \/>\n4700-414 Braga<br \/>\nT. 253 274 175<br \/>\nF. 253 273 375<br \/>\n<a href=\"mailto:lojasc3@santosdacunha.com\">lojasc3@santosdacunha.com<\/a>[\/vc_column_text][\/vc_column_inner][\/vc_row_inner][\/vc_column][vc_column width=&#8221;1\/2&#8243; dfd_column_responsive_enable=&#8221;dfd-column-responsive-enable&#8221; col_shadow=&#8221;box_shadow_enable:disable|shadow_horizontal:0|shadow_vertical:15|shadow_blur:50|shadow_spread:0|box_shadow_color:rgba(0%2C0%2C0%2C0.35)&#8221; col_shadow_hover=&#8221;box_shadow_enable:disable|shadow_horizontal:0|shadow_vertical:15|shadow_blur:50|shadow_spread:0|box_shadow_color:rgba(0%2C0%2C0%2C0.35)&#8221; responsive_styles=&#8221;padding_left_mobile:5|padding_right_mobile:5&#8243; offset=&#8221;vc_hidden-lg vc_hidden-md&#8221;][dfd_spacer screen_wide_spacer_size=&#8221;20&#8243; screen_normal_resolution=&#8221;1024&#8243; screen_tablet_resolution=&#8221;800&#8243; screen_mobile_resolution=&#8221;480&#8243;][dfd_user_form input_background=&#8221;#ffffff&#8221; hover_style_input=&#8221;simple&#8221; show_label_text=&#8221;on&#8221; horiz_margin_btw_inputs=&#8221;10&#8243; button_border_width=&#8221;1&#8243; button_border_color=&#8221;#474747&#8243; button_border_color_on_hover=&#8221;#eded09&#8243; button_border_style=&#8221;solid&#8221; button_border_radius=&#8221;0&#8243; button_backgrond=&#8221;#ffffff&#8221; hover_button_backgrond=&#8221;#ffffff&#8221; button_color_text=&#8221;#afafaf&#8221; button_hover_color_text=&#8221;#eded09&#8243; btn_message=&#8221;ENVIAR MENSAGEM&#8221; btn_width=&#8221;dfd-third-size&#8221; email_to=&#8221;geral@art4youportugal.com, ruicoelho@santosdacunha.com&#8221; email_subject=&#8221;Contacto Coboleo&#8221; use_custom_layout=&#8221;on&#8221; layout_builder=&#8221;{1+}{&#8220;name&#8220;:&#8220;&#8220;,&#8220;presets&#8220;:{1+}{&#8220;name&#8220;:&#8220;col1&#8220;}{+1}},{&#8220;name&#8220;:&#8220;&#8220;,&#8220;presets&#8220;:{1+}{&#8220;name&#8220;:&#8220;add_col&#8220;}{+1}},{&#8220;name&#8220;:&#8220;&#8220;,&#8220;presets&#8220;:{1+}{&#8220;name&#8220;:&#8220;add_col&#8220;}{+1}},{&#8220;name&#8220;:&#8220;&#8220;,&#8220;presets&#8220;:{1+}{&#8220;name&#8220;:&#8220;add_col&#8220;}{+1}},{&#8220;name&#8220;:&#8220;&#8220;,&#8220;presets&#8220;:{1+}{&#8220;name&#8220;:&#8220;add_col&#8220;}{+1}},{&#8220;name&#8220;:&#8220;&#8220;,&#8220;presets&#8220;:{1+}{&#8220;name&#8220;:&#8220;add_col&#8220;}{+1}}{+1}&#8221; custom_template=&#8221;{&#8220;1-1&#8220;:{&#8220;text_name&#8220;:{&#8220;&#8220;:&#8220;&#8220;,&#8220;required-1&#8220;:&#8220;1&#8220;,&#8220;name&#8220;:&#8220;Nome*&#8220;}},&#8220;2-1&#8220;:{&#8220;telephone&#8220;:{&#8220;required-1&#8220;:&#8220;1&#8220;,&#8220;name&#8220;:&#8220;Contacto*&#8220;}},&#8220;3-1&#8220;:{&#8220;email&#8220;:{&#8220;name&#8220;:&#8220;Email*&#8220;,&#8220;akismet_comment_author_email-1&#8220;:&#8220;1&#8220;}},&#8220;4-1&#8220;:{&#8220;text_name&#8220;:{&#8220;required-1&#8220;:&#8220;1&#8220;,&#8220;name&#8220;:&#8220;Assunto*&#8220;,&#8220;akismet_comment_author-1&#8220;:&#8220;1&#8220;}},&#8220;5-1&#8220;:{&#8220;textarea_name&#8220;:{&#8220;required-1&#8220;:&#8220;1&#8220;,&#8220;name&#8220;:&#8220;Mensagem*&#8220;}},&#8220;6-1&#8220;:{&#8220;radio_name&#8220;:{&#8220;options&#8220;:&#8220; Autorizo a comunica\u00e7\u00e3o e utiliza\u00e7\u00e3o dos meus dados para a\u00e7\u00f5es de marketing da empresa Coboleo Distribui\u00e7\u00e3o de Combust\u00edveis e Lubrificantes, Lda..&#8220;}}}&#8221; borderwidth=&#8221;1&#8243; use_google_fonts_input=&#8221;yes&#8221; custom_fonts_input=&#8221;font_family:Open%20Sans%3A300%2C300italic%2Cregular%2Citalic%2C600%2C600italic%2C700%2C700italic%2C800%2C800italic|font_style:400%20regular%3A400%3Anormal&#8221;]De: <span id=\"available_fields_for_builder\">{{text_name-1-1}}<\/span><span id=\"available_fields_for_builder\"><br \/>\nContacto: {{telephone-2-1}}<br \/>\nEmail: {{email-3-1}}<br \/>\nAssunto: {{text_name-4-1}}<br \/>\nMensagem: {{textarea_name-5-1}}<br \/>\n{{radio_name-6-1}}<\/span><\/p>\n<p>Esta mensagem foi enviada atrav\u00e9s do site Coboleo Distribui\u00e7\u00e3o de Combust\u00edveis e Lubrificantes, Lda..[\/dfd_user_form][\/vc_column][\/vc_row][vc_row][vc_column][dfd_spacer screen_wide_spacer_size=&#8221;50&#8243; screen_normal_resolution=&#8221;1024&#8243; screen_tablet_resolution=&#8221;800&#8243; screen_mobile_resolution=&#8221;480&#8243;][\/vc_column][\/vc_row][vc_row][vc_column dfd_column_responsive_enable=&#8221;dfd-column-responsive-enable&#8221; col_shadow=&#8221;box_shadow_enable:disable|shadow_horizontal:0|shadow_vertical:15|shadow_blur:50|shadow_spread:0|box_shadow_color:rgba(0%2C0%2C0%2C0.35)&#8221; col_shadow_hover=&#8221;box_shadow_enable:disable|shadow_horizontal:0|shadow_vertical:15|shadow_blur:50|shadow_spread:0|box_shadow_color:rgba(0%2C0%2C0%2C0.35)&#8221; responsive_styles=&#8221;padding_left_mobile:5&#8243;][dfd_heading subtitle=&#8221;&#8221; content_alignment=&#8221;text-left&#8221; enable_delimiter=&#8221;&#8221; undefined=&#8221;&#8221; title_font_options=&#8221;tag:h2|font_size:20&#8243; subtitle_font_options=&#8221;tag:div&#8221;]Onde Estamos[\/dfd_heading][\/vc_column][\/vc_row][vc_row][vc_column][dfd_spacer screen_wide_spacer_size=&#8221;50&#8243; screen_normal_resolution=&#8221;1024&#8243; screen_tablet_resolution=&#8221;800&#8243; screen_mobile_resolution=&#8221;480&#8243; screen_mobile_spacer_size=&#8221;10&#8243;][\/vc_column][\/vc_row][vc_row dfd_row_config=&#8221;full_width_content&#8221;][vc_column][dfd_google_map location_list=&#8221;%5B%7B%22show_tooltip%22%3A%22marker%22%2C%22tooltip_show_setting%22%3A%22show_onclick%22%2C%22marker_location%22%3A%22Parque%20Industrial%20de%20Celeir%C3%B3s%2C%202%C2%AA%20Fase%20Lote%20D-Um%5Cn4705-414%20Celeir%C3%B3s%20Braga%22%2C%22title_marker_content%22%3A%22Coboleo%20Distribui%C3%A7%C3%A3o%20de%20Combust%C3%ADveis%20e%20Lubrificantes%2C%20Lda.%22%2C%22location_list2%22%3A%22%255B%257B%257D%255D%22%2C%22marker_image%22%3A%2220701%22%7D%5D&#8221; x_pan=&#8221;0&#8243; y_pan=&#8221;0&#8243; size=&#8221;600&#8243;][\/vc_column][\/vc_row]<\/p>\n<\/div>","protected":false},"excerpt":{"rendered":"<p>[vc_row][vc_column][dfd_spacer screen_wide_spacer_size=&#8221;100&#8243; screen_normal_resolution=&#8221;1024&#8243; screen_tablet_resolution=&#8221;800&#8243; screen_mobile_resolution=&#8221;480&#8243; screen_mobile_spacer_size=&#8221;0&#8243;][\/vc_column][\/vc_row][vc_row][vc_column width=&#8221;1\/2&#8243; dfd_column_responsive_enable=&#8221;dfd-column-responsive-enable&#8221; col_shadow=&#8221;box_shadow_enable:disable|shadow_horizontal:0|shadow_vertical:15|shadow_blur:50|shadow_spread:0|box_shadow_color:rgba(0%2C0%2C0%2C0.35)&#8221; col_shadow_hover=&#8221;box_shadow_enable:disable|shadow_horizontal:0|shadow_vertical:15|shadow_blur:50|shadow_spread:0|box_shadow_color:rgba(0%2C0%2C0%2C0.35)&#8221; responsive_styles=&#8221;padding_left_mobile:5|padding_right_mobile:5&#8243; offset=&#8221;vc_hidden-sm vc_hidden-xs&#8221;][dfd_heading subtitle=&#8221;&#8221; content_alignment=&#8221;text-left&#8221; enable_delimiter=&#8221;&#8221; undefined=&#8221;&#8221; title_font_options=&#8221;tag:h2|font_size:20|line_height:25|letter_spacing:1&#8243; subtitle_font_options=&#8221;tag:div&#8221; tutorials=&#8221;&#8221;]Fale connosco ainda hoje. Como podemos ajudar?[\/dfd_heading][dfd_spacer screen_wide_spacer_size=&#8221;40&#8243; screen_normal_resolution=&#8221;1024&#8243; screen_tablet_resolution=&#8221;800&#8243; screen_mobile_resolution=&#8221;480&#8243;][vc_column_text]Poder\u00e1<\/p>\n","protected":false},"author":1,"featured_media":0,"parent":0,"menu_order":0,"comment_status":"closed","ping_status":"closed","template":"tmp-page.php","meta":{"footnotes":""},"class_list":["post-25","page","type-page","status-publish","hentry"],"_links":{"self":[{"href":"https:\/\/santosdacunha.com\/coboleo\/wp-json\/wp\/v2\/pages\/25","targetHints":{"allow":["GET"]}}],"collection":[{"href":"https:\/\/santosdacunha.com\/coboleo\/wp-json\/wp\/v2\/pages"}],"about":[{"href":"https:\/\/santosdacunha.com\/coboleo\/wp-json\/wp\/v2\/types\/page"}],"author":[{"embeddable":true,"href":"https:\/\/santosdacunha.com\/coboleo\/wp-json\/wp\/v2\/users\/1"}],"replies":[{"embeddable":true,"href":"https:\/\/santosdacunha.com\/coboleo\/wp-json\/wp\/v2\/comments?post=25"}],"version-history":[{"count":2,"href":"https:\/\/santosdacunha.com\/coboleo\/wp-json\/wp\/v2\/pages\/25\/revisions"}],"predecessor-version":[{"id":79,"href":"https:\/\/santosdacunha.com\/coboleo\/wp-json\/wp\/v2\/pages\/25\/revisions\/79"}],"wp:attachment":[{"href":"https:\/\/santosdacunha.com\/coboleo\/wp-json\/wp\/v2\/media?parent=25"}],"curies":[{"name":"wp","href":"https:\/\/api.w.org\/{rel}","templated":true}]}}