{"id":38,"date":"2023-04-26T10:52:49","date_gmt":"2023-04-26T10:52:49","guid":{"rendered":"https:\/\/santosdacunha.com\/coboleo\/?page_id=38"},"modified":"2023-04-26T10:52:49","modified_gmt":"2023-04-26T10:52:49","slug":"sugestoes-reclamacoes","status":"publish","type":"page","link":"https:\/\/santosdacunha.com\/coboleo\/sugestoes-reclamacoes\/","title":{"rendered":"Sugest\u00f5es &#038; Reclama\u00e7\u00f5es"},"content":{"rendered":"<div class=\"wpb-content-wrapper\"><p>[vc_row][vc_column width=&#8221;1\/3&#8243; dfd_column_responsive_enable=&#8221;dfd-column-responsive-enable&#8221; col_shadow=&#8221;box_shadow_enable:disable|shadow_horizontal:0|shadow_vertical:15|shadow_blur:50|shadow_spread:0|box_shadow_color:rgba(0%2C0%2C0%2C0.35)&#8221; col_shadow_hover=&#8221;box_shadow_enable:disable|shadow_horizontal:0|shadow_vertical:15|shadow_blur:50|shadow_spread:0|box_shadow_color:rgba(0%2C0%2C0%2C0.35)&#8221; responsive_styles=&#8221;padding_left_mobile:5|padding_right_mobile:5&#8243;][\/vc_column][vc_column width=&#8221;1\/3&#8243;][dfd_spacer screen_wide_spacer_size=&#8221;100&#8243; screen_normal_resolution=&#8221;1024&#8243; screen_tablet_resolution=&#8221;800&#8243; screen_mobile_resolution=&#8221;480&#8243; screen_mobile_spacer_size=&#8221;0&#8243;][dfd_heading subtitle=&#8221;&#8221; content_alignment=&#8221;text-left&#8221; enable_delimiter=&#8221;&#8221; undefined=&#8221;&#8221; title_font_options=&#8221;tag:h2|font_size:20&#8243; subtitle_font_options=&#8221;tag:div&#8221;]Sugest\u00f5es &amp; Reclama\u00e7\u00f5es[\/dfd_heading][dfd_spacer screen_wide_spacer_size=&#8221;20&#8243; screen_normal_resolution=&#8221;1024&#8243; screen_tablet_resolution=&#8221;800&#8243; screen_mobile_resolution=&#8221;480&#8243; screen_mobile_spacer_size=&#8221;10&#8243;][dfd_user_form input_background=&#8221;#ffffff&#8221; hover_style_input=&#8221;simple&#8221; show_label_text=&#8221;on&#8221; horiz_margin_btw_inputs=&#8221;10&#8243; button_border_width=&#8221;1&#8243; button_border_color=&#8221;#474747&#8243; button_border_color_on_hover=&#8221;#eded09&#8243; button_border_style=&#8221;solid&#8221; button_border_radius=&#8221;0&#8243; button_backgrond=&#8221;#ffffff&#8221; hover_button_backgrond=&#8221;#ffffff&#8221; button_color_text=&#8221;#afafaf&#8221; button_hover_color_text=&#8221;#eded09&#8243; btn_message=&#8221;ENVIAR MENSAGEM&#8221; use_recaptcha=&#8221;yes&#8221; recaptcha_publickey=&#8221;6Lc1E4UUAAAAAED6vKRtXubw1sU2BUY0UScpzWfb&#8221; recaptcha_privatekey=&#8221;6Lc1E4UUAAAAAAVX_UmvZyqQUYon2xQE7xPY6Gsf&#8221; email_to=&#8221;geral@art4youportugal.com, ruicoelho@santosdacunha.com&#8221; email_subject=&#8221;Sugest\u00f5es &amp; Reclama\u00e7\u00f5es Coboleo&#8221; use_custom_layout=&#8221;on&#8221; layout_builder=&#8221;{1+}{&#8220;name&#8220;:&#8220;&#8220;,&#8220;presets&#8220;:{1+}{&#8220;name&#8220;:&#8220;col1&#8220;}{+1}},{&#8220;name&#8220;:&#8220;&#8220;,&#8220;presets&#8220;:{1+}{&#8220;name&#8220;:&#8220;add_col&#8220;}{+1}},{&#8220;name&#8220;:&#8220;&#8220;,&#8220;presets&#8220;:{1+}{&#8220;name&#8220;:&#8220;add_col&#8220;}{+1}},{&#8220;name&#8220;:&#8220;&#8220;,&#8220;presets&#8220;:{1+}{&#8220;name&#8220;:&#8220;add_col&#8220;}{+1}},{&#8220;name&#8220;:&#8220;&#8220;,&#8220;presets&#8220;:{1+}{&#8220;name&#8220;:&#8220;add_col&#8220;}{+1}},{&#8220;name&#8220;:&#8220;&#8220;,&#8220;presets&#8220;:{1+}{&#8220;name&#8220;:&#8220;add_col&#8220;}{+1}}{+1}&#8221; custom_template=&#8221;{&#8220;1-1&#8220;:{&#8220;text_name&#8220;:{&#8220;&#8220;:&#8220;&#8220;,&#8220;required-1&#8220;:&#8220;1&#8220;,&#8220;name&#8220;:&#8220;Nome*&#8220;}},&#8220;2-1&#8220;:{&#8220;telephone&#8220;:{&#8220;required-1&#8220;:&#8220;1&#8220;,&#8220;name&#8220;:&#8220;Contacto*&#8220;}},&#8220;3-1&#8220;:{&#8220;email&#8220;:{&#8220;name&#8220;:&#8220;Email*&#8220;,&#8220;akismet_comment_author_email-1&#8220;:&#8220;1&#8220;}},&#8220;4-1&#8220;:{&#8220;text_name&#8220;:{&#8220;required-1&#8220;:&#8220;1&#8220;,&#8220;name&#8220;:&#8220;Assunto*&#8220;,&#8220;akismet_comment_author-1&#8220;:&#8220;1&#8220;}},&#8220;5-1&#8220;:{&#8220;textarea_name&#8220;:{&#8220;required-1&#8220;:&#8220;1&#8220;,&#8220;name&#8220;:&#8220;Mensagem*&#8220;}},&#8220;6-1&#8220;:{&#8220;radio_name&#8220;:{&#8220;options&#8220;:&#8220; Autorizo a comunica\u00e7\u00e3o e utiliza\u00e7\u00e3o dos meus dados para a\u00e7\u00f5es de marketing da empresa Coboleo Distribui\u00e7\u00e3o de Combust\u00edveis e Lubrificantes, Lda..&#8220;}}}&#8221; borderwidth=&#8221;1&#8243; use_google_fonts_input=&#8221;yes&#8221; custom_fonts_input=&#8221;font_family:Open%20Sans%3A300%2C300italic%2Cregular%2Citalic%2C600%2C600italic%2C700%2C700italic%2C800%2C800italic|font_style:400%20regular%3A400%3Anormal&#8221;]De: <span id=\"available_fields_for_builder\">{{text_name-1-1}}<\/span><span id=\"available_fields_for_builder\"><br \/>\nContacto: {{telephone-2-1}}<br \/>\nEmail: {{email-3-1}}<br \/>\nAssunto: {{text_name-4-1}}<br \/>\nMensagem: {{textarea_name-5-1}}<br \/>\n{{radio_name-6-1}}<\/span><\/p>\n<p>Esta mensagem foi enviada atrav\u00e9s do site Coboleo Distribui\u00e7\u00e3o de Combust\u00edveis e Lubrificantes, Lda..[\/dfd_user_form][dfd_spacer screen_wide_spacer_size=&#8221;50&#8243; screen_normal_resolution=&#8221;1024&#8243; screen_tablet_resolution=&#8221;800&#8243; screen_mobile_resolution=&#8221;480&#8243; screen_mobile_spacer_size=&#8221;10&#8243;][\/vc_column][vc_column width=&#8221;1\/3&#8243;][\/vc_column][\/vc_row]<\/p>\n<\/div>","protected":false},"excerpt":{"rendered":"<p>[vc_row][vc_column width=&#8221;1\/3&#8243; dfd_column_responsive_enable=&#8221;dfd-column-responsive-enable&#8221; col_shadow=&#8221;box_shadow_enable:disable|shadow_horizontal:0|shadow_vertical:15|shadow_blur:50|shadow_spread:0|box_shadow_color:rgba(0%2C0%2C0%2C0.35)&#8221; col_shadow_hover=&#8221;box_shadow_enable:disable|shadow_horizontal:0|shadow_vertical:15|shadow_blur:50|shadow_spread:0|box_shadow_color:rgba(0%2C0%2C0%2C0.35)&#8221; responsive_styles=&#8221;padding_left_mobile:5|padding_right_mobile:5&#8243;][\/vc_column][vc_column width=&#8221;1\/3&#8243;][dfd_spacer screen_wide_spacer_size=&#8221;100&#8243; screen_normal_resolution=&#8221;1024&#8243; screen_tablet_resolution=&#8221;800&#8243; screen_mobile_resolution=&#8221;480&#8243; screen_mobile_spacer_size=&#8221;0&#8243;][dfd_heading subtitle=&#8221;&#8221; content_alignment=&#8221;text-left&#8221; enable_delimiter=&#8221;&#8221; undefined=&#8221;&#8221; title_font_options=&#8221;tag:h2|font_size:20&#8243; subtitle_font_options=&#8221;tag:div&#8221;]Sugest\u00f5es &amp; Reclama\u00e7\u00f5es[\/dfd_heading][dfd_spacer screen_wide_spacer_size=&#8221;20&#8243; screen_normal_resolution=&#8221;1024&#8243; screen_tablet_resolution=&#8221;800&#8243; screen_mobile_resolution=&#8221;480&#8243; screen_mobile_spacer_size=&#8221;10&#8243;][dfd_user_form input_background=&#8221;#ffffff&#8221; hover_style_input=&#8221;simple&#8221; show_label_text=&#8221;on&#8221; horiz_margin_btw_inputs=&#8221;10&#8243; button_border_width=&#8221;1&#8243;<\/p>\n","protected":false},"author":1,"featured_media":0,"parent":0,"menu_order":0,"comment_status":"closed","ping_status":"closed","template":"tmp-page.php","meta":{"footnotes":""},"class_list":["post-38","page","type-page","status-publish","hentry"],"_links":{"self":[{"href":"https:\/\/santosdacunha.com\/coboleo\/wp-json\/wp\/v2\/pages\/38","targetHints":{"allow":["GET"]}}],"collection":[{"href":"https:\/\/santosdacunha.com\/coboleo\/wp-json\/wp\/v2\/pages"}],"about":[{"href":"https:\/\/santosdacunha.com\/coboleo\/wp-json\/wp\/v2\/types\/page"}],"author":[{"embeddable":true,"href":"https:\/\/santosdacunha.com\/coboleo\/wp-json\/wp\/v2\/users\/1"}],"replies":[{"embeddable":true,"href":"https:\/\/santosdacunha.com\/coboleo\/wp-json\/wp\/v2\/comments?post=38"}],"version-history":[{"count":1,"href":"https:\/\/santosdacunha.com\/coboleo\/wp-json\/wp\/v2\/pages\/38\/revisions"}],"predecessor-version":[{"id":39,"href":"https:\/\/santosdacunha.com\/coboleo\/wp-json\/wp\/v2\/pages\/38\/revisions\/39"}],"wp:attachment":[{"href":"https:\/\/santosdacunha.com\/coboleo\/wp-json\/wp\/v2\/media?parent=38"}],"curies":[{"name":"wp","href":"https:\/\/api.w.org\/{rel}","templated":true}]}}