{"id":40,"date":"2023-04-26T10:54:07","date_gmt":"2023-04-26T10:54:07","guid":{"rendered":"https:\/\/santosdacunha.com\/coboleo\/?page_id=40"},"modified":"2023-04-26T10:54:07","modified_gmt":"2023-04-26T10:54:07","slug":"politica-de-privacidade","status":"publish","type":"page","link":"https:\/\/santosdacunha.com\/coboleo\/politica-de-privacidade\/","title":{"rendered":"Pol\u00edtica de Privacidade"},"content":{"rendered":"<div class=\"wpb-content-wrapper\"><p>[vc_row][vc_column][dfd_spacer screen_wide_spacer_size=&#8221;100&#8243; screen_normal_resolution=&#8221;1024&#8243; screen_tablet_resolution=&#8221;800&#8243; screen_mobile_resolution=&#8221;480&#8243;][\/vc_column][\/vc_row][vc_row][vc_column][vc_column_text]<strong>Pol\u00edtica de Privacidade<\/strong><\/p>\n<p>&nbsp;<\/p>\n<p><strong>Tratamento de dados de car\u00e1cter pessoal<\/strong><\/p>\n<p>A Santos da Cunha respeita a vida pessoal dos visitantes e utilizadores dos seus <em>sites<\/em> de Internet.<\/p>\n<p>Este documento descreve as pr\u00e1ticas adotadas pela Santos da Cunha sobre dados pessoais, incluindo as circunst\u00e2ncias em que tais dados podem ser recolhidos, a finalidade para a qual podem ser utilizados, e as pessoas a que se destinam.<\/p>\n<p>O <em>site<\/em> de Internet da Santos da Cunha tem um objetivo espec\u00edfico e tem caracter\u00edsticas que s\u00e3o \u00fanicas caso a caso. O interessado ser\u00e1 informado de forma precisa se adicionalmente for necess\u00e1rio a recolha de dados de car\u00e1cter pessoal.<\/p>\n<p><strong><u>Dados de Car\u00e1cter Pessoal<\/u><\/strong><\/p>\n<p>Em geral, o <em>site<\/em> de Internet da Santos da Cunha n\u00e3o lhe exige que indique os seus dados pessoais. Todavia, pode ser que a Santos da Cunha pe\u00e7a os seus dados pessoais com o objetivo de melhor satisfazer as suas necessidades, por exemplo, para enviar correspond\u00eancia, para responder a um pedido e outras situa\u00e7\u00f5es semelhantes.<\/p>\n<p>Os dados pessoais podem incluir o seu nome, morada, n\u00famero de telefone, dire\u00e7\u00f5es\u00a0de correio eletr\u00f3nico e outra informa\u00e7\u00e3o espec\u00edfica, como um nome de utilizador, password, ou informa\u00e7\u00e3o da conta.<\/p>\n<p><strong><u>Recolha de Dados de Car\u00e1cter Pessoal<\/u><\/strong><\/p>\n<p>A Santos da Cunha recolher\u00e1 dados pessoais com fins precisos, expl\u00edcitos e leg\u00edtimos, e nunca tratar\u00e1 esses dados de forma incompat\u00edvel com estes objetivos.<\/p>\n<p><strong>Ao recolher os dados de car\u00e1cter pessoal, a Santos da Cunha informa o interessado, durante ou antes da\u00a0recolha e antes de us\u00e1-los, do fim preciso para o qual foram recolhidos<\/strong>.<\/p>\n<p>A Santos da Cunha compromete-se a recolher apenas a informa\u00e7\u00e3o que seja necess\u00e1ria e\u00a0 pertinente\u00a0 e n\u00e3o excessiva , tendo sempre presente o fim para que s\u00e3o recolhidos. A Santos da Cunha adotar\u00e1 todas as medidas razo\u00e1veis para assegurar que os dados pessoais recolhidos sejam exatos e atualizados caso seja necess\u00e1rio.<\/p>\n<p><strong><u>Utiliza\u00e7\u00e3o de dados pessoais<\/u><\/strong><\/p>\n<p>A Santos da Cunha utiliza os seus dados pessoais dentro dos limites exatos para os fins que foram recolhidos. A t\u00edtulo de exemplo, a<\/p>\n<p>Santos da Cunha pode utilizar os seus dados pessoais\u00a0para:<\/p>\n<p>Inform\u00e1-lo acerca dos seus produtos e servi\u00e7os;<\/p>\n<p>Realizar\u00a0e acompanhar as suas transa\u00e7\u00f5es;<\/p>\n<p>Permitir-lhe participar nos aspetos interativos dos seus sites de Internet, e<\/p>\n<p>Contact\u00e1-lo para desenvolver o com\u00e9rcio e realizar promo\u00e7\u00f5es<\/p>\n<p>A Santos da Cunha, compromete-se a n\u00e3o utilizar, sem a sua autoriza\u00e7\u00e3o, os seus dados pessoais\u00a0com um fim de prospe\u00e7\u00e3o comercial.<\/p>\n<p><strong><u>Destinat\u00e1rios dos dados pessoais<\/u><\/strong><\/p>\n<p>Os destinat\u00e1rios dos seus dados pessoais limitam-se exclusivamente \u00e0s pessoas habilitadas para conhec\u00ea-los e trat\u00e1-los no \u00e2mbito das suas fun\u00e7\u00f5es.<\/p>\n<p>A Santos da Cunha pode partilhar os seus dados pessoais com terceiros, fornecedores ou prestadores de servi\u00e7os. Estes fornecedores e prestadores de servi\u00e7os est\u00e3o obrigados por contrato a manter os seus dados pessoais confidenciais e seguros, e est\u00e3o obrigados a utilizar os seus dados pessoais exclusivamente para os fins dos servi\u00e7os que lhe s foram encomendados\u00a0seguindo sempre as instru\u00e7\u00f5es do Respons\u00e1vel do Ficheiro (Santos da Cunha).<\/p>\n<p>A Santos da Cunha n\u00e3o vender\u00e1 nem ceder\u00e1 a sua informa\u00e7\u00e3o a terceiros sem o seu consentimento, exceto no caso de uma ordem judicial, no cumprimento da lei aplic\u00e1vel, ou para proteger os direitos e os bens da Santos da Cunha.<br \/>\n<strong><u>Tempo de conserva\u00e7\u00e3o<\/u><\/strong><\/p>\n<p>A Santos da Cunha n\u00e3o manter\u00e1 os seus dados pessoais por mais tempo do que o necess\u00e1rio para alcan\u00e7ar os fins para que foram recolhidos ou durante o per\u00edodo de tempo exigido por lei.<\/p>\n<p><strong><u>Direitos de acesso, retifica\u00e7\u00e3o, cancelamento ou oposi\u00e7\u00e3o<\/u><\/strong><\/p>\n<p>O interessado pode solicitar \u00e0 Santos da Cunha o acesso aos seus dados pessoais que se encontram num ficheiro desta. Igualmente pode exercer os direitos de retifica\u00e7\u00e3o, cancelamento ou oposi\u00e7\u00e3o sobre tais dados, assim como por motivos leg\u00edtimos, o direito de proibir a Santos da Cunha a recolher ou revelar os seus dados pessoais.<\/p>\n<p>No que respeita \u00e0 prospe\u00e7\u00e3o comercial pode exercer sempre o seu direito de oposi\u00e7\u00e3o.<\/p>\n<p>Para o exerc\u00edcio dos seus direitos, solicita-se que notifique por escrito a Santos da Cunha (<strong>Moradas<\/strong>) ou atrav\u00e9s da nossa p\u00e1gina web www.SantosdaCunha.net<\/p>\n<p><strong><u>Seguran\u00e7a dos Dados<\/u><\/strong><\/p>\n<p>A Santos da Cunha implementou medidas que garantem a confidencialidade, seguran\u00e7a e integridade dos seus dados pessoais. O acesso aos dados pessoais est\u00e1 limitado a determinadas pessoas que, por for\u00e7a das suas fun\u00e7\u00f5es, necessitam de ter acesso a tais dados.<\/p>\n<p>No site da Santos da Cunha, a recolha dos dados banc\u00e1rios ser\u00e1 realizada atrav\u00e9s de processos efetivos e l\u00edcitos de seguran\u00e7a dos pagamentos.<\/p>\n<p>Estas medidas podem consistir na encripta\u00e7\u00e3o durante a recolha ou na transfer\u00eancia de dados confidenciais. As coordenadas anteriores ser\u00e3o utilizadas exclusivamente para pagamentos online\u00a0e n\u00e3o ser\u00e3o conservadas.<\/p>\n<p>A Santos da Cunha preocupa-se em assegurar que os seus dados pessoais n\u00e3o sejam alterados, danificados ou utilizados ilicitamente por terceiros n\u00e3o autorizados no acesso de tais dados.<\/p>\n<p><strong><u>Menores de idade<\/u><\/strong><\/p>\n<p>Os sites da Santos da Cunha na Internet n\u00e3o s\u00e3o destinados a menores de idade (menos de dezoito (18) anos de idade). Se \u00e9 menor de idade lembramos-lhe que n\u00e3o deve transmitir informa\u00e7\u00e3o pessoal sem a autoriza\u00e7\u00e3o dos seus pais.<\/p>\n<p><strong><u>Liga\u00e7\u00f5es<\/u><\/strong><\/p>\n<p>O site da Santos da Cunha na Internet pode incluir liga\u00e7\u00f5es a <em>sites<\/em> de terceiros.<br \/>\nInformamos-vos que a Santos da Cunha n\u00e3o tem o controlo sobre estes sites e, portanto, n\u00e3o pode ser considerada respons\u00e1vel pelas pr\u00e1ticas de terceiros relativas \u00e0 confidencialidade e \u00e0 seguran\u00e7a dos seus dados pessoais nem do seu conte\u00fado. Portanto, sugerimos que reveja as pol\u00edticas de privacidade de tais sites antes de us\u00e1-los e\/ou facultar-lhes os seus dados pessoais.<\/p>\n<p><u>\u00a0<\/u><\/p>\n<p><strong><u>Marcas e direitos de autor<\/u><\/strong><\/p>\n<p>Para mais informa\u00e7\u00e3o, por favor, consulte as nossas condi\u00e7\u00f5es de utiliza\u00e7\u00e3o.<\/p>\n<p><strong> <u>Autoriza\u00e7\u00e3o para esta Pol\u00edtica de Privacidade<\/u><\/strong><\/p>\n<p>Expressa a sua aceita\u00e7\u00e3o desta Pol\u00edtica de Privacidade ao utilizar este <em>website<\/em>.<br \/>\nSe n\u00e3o estiver de acordo com alguma condi\u00e7\u00e3o desta pol\u00edtica, por favor n\u00e3o utilize este <em>site<\/em> ou n\u00e3o envie informa\u00e7\u00e3o pessoal identific\u00e1vel.[\/vc_column_text][\/vc_column][\/vc_row][vc_row][vc_column][dfd_spacer screen_wide_spacer_size=&#8221;50&#8243; screen_normal_resolution=&#8221;1024&#8243; screen_tablet_resolution=&#8221;800&#8243; screen_mobile_resolution=&#8221;480&#8243;][\/vc_column][\/vc_row]<\/p>\n<\/div>","protected":false},"excerpt":{"rendered":"<p>[vc_row][vc_column][dfd_spacer screen_wide_spacer_size=&#8221;100&#8243; screen_normal_resolution=&#8221;1024&#8243; screen_tablet_resolution=&#8221;800&#8243; screen_mobile_resolution=&#8221;480&#8243;][\/vc_column][\/vc_row][vc_row][vc_column][vc_column_text]Pol\u00edtica de Privacidade &nbsp; Tratamento de dados de car\u00e1cter pessoal A Santos da Cunha respeita a vida pessoal dos visitantes e utilizadores dos seus sites de<\/p>\n","protected":false},"author":1,"featured_media":0,"parent":0,"menu_order":0,"comment_status":"closed","ping_status":"closed","template":"tmp-page.php","meta":{"footnotes":""},"class_list":["post-40","page","type-page","status-publish","hentry"],"_links":{"self":[{"href":"https:\/\/santosdacunha.com\/coboleo\/wp-json\/wp\/v2\/pages\/40","targetHints":{"allow":["GET"]}}],"collection":[{"href":"https:\/\/santosdacunha.com\/coboleo\/wp-json\/wp\/v2\/pages"}],"about":[{"href":"https:\/\/santosdacunha.com\/coboleo\/wp-json\/wp\/v2\/types\/page"}],"author":[{"embeddable":true,"href":"https:\/\/santosdacunha.com\/coboleo\/wp-json\/wp\/v2\/users\/1"}],"replies":[{"embeddable":true,"href":"https:\/\/santosdacunha.com\/coboleo\/wp-json\/wp\/v2\/comments?post=40"}],"version-history":[{"count":1,"href":"https:\/\/santosdacunha.com\/coboleo\/wp-json\/wp\/v2\/pages\/40\/revisions"}],"predecessor-version":[{"id":41,"href":"https:\/\/santosdacunha.com\/coboleo\/wp-json\/wp\/v2\/pages\/40\/revisions\/41"}],"wp:attachment":[{"href":"https:\/\/santosdacunha.com\/coboleo\/wp-json\/wp\/v2\/media?parent=40"}],"curies":[{"name":"wp","href":"https:\/\/api.w.org\/{rel}","templated":true}]}}