{"id":21062,"date":"2021-06-17T19:29:14","date_gmt":"2021-06-17T19:29:14","guid":{"rendered":"https:\/\/santosdacunha.com\/lojalubrificantes\/?post_type=product&#038;p=21062"},"modified":"2025-07-18T07:54:55","modified_gmt":"2025-07-18T07:54:55","slug":"galp-formula-fe-dx1-5w30-5-lt","status":"publish","type":"product","link":"https:\/\/santosdacunha.com\/lojalubrificantes\/produto\/galp-formula-fe-dx1-5w30-5-lt\/","title":{"rendered":"Galp Formula FE DX1 5W30 5 Lt"},"content":{"rendered":"<p>Galp Formula FE DX1 5W30 5 Lt<\/p>\n<p>Lubrificante 100% sint\u00e9tico, especialmente desenvolvido para a lubrifica\u00e7\u00e3o de motores do grupo General Motors, de acordo com a norma GM dexos1Gen2. Tipicamente, os motores modernos a gasolina de inje\u00e7\u00e3o direta, com ou sem sistemas de tratamento de gases de escape, apresentam temperaturas de funcionamento muito elevadas, exigindo lubrificantes de alto desempenho. A utiliza\u00e7\u00e3o deste lubrificante permite mitigar os fen\u00f3menos de pr\u00e9-igni\u00e7\u00e3o a baixa velocidade (LSPI \u2013 Low-Speed Pr\u00e9-Ignition). A utiliza\u00e7\u00e3o de aditivos de \u00faltima gera\u00e7\u00e3o, para al\u00e9m de garantir uma prote\u00e7\u00e3o e melhoria do desempenho do motor, permitem maximizar a economia de combust\u00edvel e prevenir a forma\u00e7\u00e3o de dep\u00f3sitos no turbocompressor.<\/p>\n<p>Galp, o seu especialista em lubrifica\u00e7\u0101o.<\/p>\n<p>Os avan\u00e7os tecnol\u00f3gicos mais recentes no setor autom\u00f3vel permitiram desenvolver motores com menor consumo de combust\u00edvel, menores emiss\u00f5es de gases de escape e o alargamento dos intervalos entre manuten\u00e7\u00f5es. A redu\u00e7\u00e3o do n\u00edvel de emiss\u00f5es deve-se maioritariamente a introdu\u00e7\u00e3o de sistemas de p\u00f3s-tratamento (aftertreatment), tais como: catalisadores e filtros de part\u00edculas, cuja finalidade \u00e9 reter parte das part\u00edculas e gases nocivos que seriam, sem estes sistemas, emitidos pelo escape do veiculo. Estes equipamentos obrigam \u00e0 utiliza\u00e7\u00e3o de lubrificantes topo de gama formulados com aditivos espec\u00edficos e caracter\u00edsticas particulares, pelo que o uso de um lubrificante n\u00e3o adequado poder\u00e1 p\u00f4r em risco o bom funcionamento e a manuten\u00e7\u00e3o destes sistemas. E por isso fundamental respeitar os per\u00edodos de muda de \u00f3leo e utilizar o lubrificante recomendado pelo fabricante do ve\u00edculo.<\/p>\n","protected":false},"excerpt":{"rendered":"<p>Galp Formula FE DX1 5W30 5 Lt Lubrificante 100% sint\u00e9tico, especialmente desenvolvido para a lubrifica\u00e7\u00e3o de motores do grupo General Motors, de acordo com a norma GM dexos1Gen2. Tipicamente, os<\/p>\n","protected":false},"featured_media":21063,"comment_status":"closed","ping_status":"closed","template":"","meta":[],"product_brand":[],"product_cat":[19],"product_tag":[],"class_list":{"0":"post-21062","1":"product","2":"type-product","3":"status-publish","4":"has-post-thumbnail","6":"product_cat-ligeiros","8":"first","9":"instock","10":"taxable","11":"shipping-taxable","12":"purchasable","13":"product-type-simple"},"_links":{"self":[{"href":"https:\/\/santosdacunha.com\/lojalubrificantes\/wp-json\/wp\/v2\/product\/21062","targetHints":{"allow":["GET"]}}],"collection":[{"href":"https:\/\/santosdacunha.com\/lojalubrificantes\/wp-json\/wp\/v2\/product"}],"about":[{"href":"https:\/\/santosdacunha.com\/lojalubrificantes\/wp-json\/wp\/v2\/types\/product"}],"replies":[{"embeddable":true,"href":"https:\/\/santosdacunha.com\/lojalubrificantes\/wp-json\/wp\/v2\/comments?post=21062"}],"wp:featuredmedia":[{"embeddable":true,"href":"https:\/\/santosdacunha.com\/lojalubrificantes\/wp-json\/wp\/v2\/media\/21063"}],"wp:attachment":[{"href":"https:\/\/santosdacunha.com\/lojalubrificantes\/wp-json\/wp\/v2\/media?parent=21062"}],"wp:term":[{"taxonomy":"product_brand","embeddable":true,"href":"https:\/\/santosdacunha.com\/lojalubrificantes\/wp-json\/wp\/v2\/product_brand?post=21062"},{"taxonomy":"product_cat","embeddable":true,"href":"https:\/\/santosdacunha.com\/lojalubrificantes\/wp-json\/wp\/v2\/product_cat?post=21062"},{"taxonomy":"product_tag","embeddable":true,"href":"https:\/\/santosdacunha.com\/lojalubrificantes\/wp-json\/wp\/v2\/product_tag?post=21062"}],"curies":[{"name":"wp","href":"https:\/\/api.w.org\/{rel}","templated":true}]}}