{"id":21112,"date":"2021-06-17T22:12:23","date_gmt":"2021-06-17T22:12:23","guid":{"rendered":"https:\/\/santosdacunha.com\/lojalubrificantes\/?post_type=product&#038;p=21112"},"modified":"2025-07-18T15:29:27","modified_gmt":"2025-07-18T15:29:27","slug":"galp-formula-ls-fe-vl-0w20-5-lt","status":"publish","type":"product","link":"https:\/\/santosdacunha.com\/lojalubrificantes\/produto\/galp-formula-ls-fe-vl-0w20-5-lt\/","title":{"rendered":"Galp Formula LS FE VL 0W20 5 Lt"},"content":{"rendered":"<p>Galp Formula LS FE VL 0W20 5 Lt<\/p>\n<p class=\"catalog-display__container__row__content-container__description active\">Lubrificante 100% sint\u00e9tico, topo de gama, destinado \u00e0 lubrifica\u00e7\u00e3o de motores de ve\u00edculos ligeiros a gasolina ou diesel. Foi especialmente desenvolvido para os motores de 4 cilindros Volvo Drive-E. Cumpre a performance associada \u00e0 norma VOLVO VCC RBS0-2AE. Gra\u00e7as \u00e0 utiliza\u00e7\u00e3o de modificadores de atrito de \u00faltima gera\u00e7\u00e3o, este produto permite alcan\u00e7ar uma poupan\u00e7a de combust\u00edvel de pelo menos 3,4%, quando comparado com um lubrificante 15W-40 de refer\u00eancia. Ideal para utiliza\u00e7\u00e3o em motores com sistema start-stop. Apesar da reduzida viscosidade, a utiliza\u00e7\u00e3o de aditivos de \u00faltima gera\u00e7\u00e3o garante uma excelente prote\u00e7\u00e3o do motor ao desgaste tal como a longevidade dos sistemas de tratamento de gases de escape. Proporciona ainda uma excelente prote\u00e7\u00e3o dos pist\u00f5es e turbo-compressor contra os dep\u00f3sitos formados a altas temperaturas.<\/p>\n<p>Galp, o seu especialista em lubrifica\u00e7\u0101o.<\/p>\n<p>Os avan\u00e7os tecnol\u00f3gicos mais recentes no setor autom\u00f3vel permitiram desenvolver motores com menor consumo de combust\u00edvel, menores emiss\u00f5es de gases de escape e o alargamento dos intervalos entre manuten\u00e7\u00f5es. A redu\u00e7\u00e3o do n\u00edvel de emiss\u00f5es deve-se maioritariamente a introdu\u00e7\u00e3o de sistemas de p\u00f3s-tratamento (aftertreatment), tais como: catalisadores e filtros de part\u00edculas, cuja finalidade \u00e9 reter parte das part\u00edculas e gases nocivos que seriam, sem estes sistemas, emitidos pelo escape do veiculo. Estes equipamentos obrigam \u00e0 utiliza\u00e7\u00e3o de lubrificantes topo de gama formulados com aditivos espec\u00edficos e caracter\u00edsticas particulares, pelo que o uso de um lubrificante n\u00e3o<br \/>\nadequado poder\u00e1 p\u00f4r em risco o bom funcionamento e a manuten\u00e7\u00e3o destes sistemas. E por isso fundamental respeitar os per\u00edodos de muda de \u00f3leo e utilizar o lubrificante recomendado pelo fabricante do ve\u00edculo.<\/p>\n<div id=\"gasoleo-e-gasolina\" class=\"tabs tabs--box\" data-top=\"false\"><\/div>\n","protected":false},"excerpt":{"rendered":"<p>Galp Formula LS FE VL 0W20 5 Lt Lubrificante 100% sint\u00e9tico, topo de gama, destinado \u00e0 lubrifica\u00e7\u00e3o de motores de ve\u00edculos ligeiros a gasolina ou diesel. Foi especialmente desenvolvido para<\/p>\n","protected":false},"featured_media":21113,"comment_status":"closed","ping_status":"closed","template":"","meta":[],"product_brand":[],"product_cat":[19],"product_tag":[],"class_list":{"0":"post-21112","1":"product","2":"type-product","3":"status-publish","4":"has-post-thumbnail","6":"product_cat-ligeiros","8":"first","9":"instock","10":"taxable","11":"shipping-taxable","12":"purchasable","13":"product-type-simple"},"_links":{"self":[{"href":"https:\/\/santosdacunha.com\/lojalubrificantes\/wp-json\/wp\/v2\/product\/21112","targetHints":{"allow":["GET"]}}],"collection":[{"href":"https:\/\/santosdacunha.com\/lojalubrificantes\/wp-json\/wp\/v2\/product"}],"about":[{"href":"https:\/\/santosdacunha.com\/lojalubrificantes\/wp-json\/wp\/v2\/types\/product"}],"replies":[{"embeddable":true,"href":"https:\/\/santosdacunha.com\/lojalubrificantes\/wp-json\/wp\/v2\/comments?post=21112"}],"wp:featuredmedia":[{"embeddable":true,"href":"https:\/\/santosdacunha.com\/lojalubrificantes\/wp-json\/wp\/v2\/media\/21113"}],"wp:attachment":[{"href":"https:\/\/santosdacunha.com\/lojalubrificantes\/wp-json\/wp\/v2\/media?parent=21112"}],"wp:term":[{"taxonomy":"product_brand","embeddable":true,"href":"https:\/\/santosdacunha.com\/lojalubrificantes\/wp-json\/wp\/v2\/product_brand?post=21112"},{"taxonomy":"product_cat","embeddable":true,"href":"https:\/\/santosdacunha.com\/lojalubrificantes\/wp-json\/wp\/v2\/product_cat?post=21112"},{"taxonomy":"product_tag","embeddable":true,"href":"https:\/\/santosdacunha.com\/lojalubrificantes\/wp-json\/wp\/v2\/product_tag?post=21112"}],"curies":[{"name":"wp","href":"https:\/\/api.w.org\/{rel}","templated":true}]}}