{"id":21168,"date":"2021-06-18T13:39:51","date_gmt":"2021-06-18T13:39:51","guid":{"rendered":"https:\/\/santosdacunha.com\/lojalubrificantes\/?post_type=product&#038;p=21168"},"modified":"2025-07-18T10:17:06","modified_gmt":"2025-07-18T10:17:06","slug":"galp-formula-plus-5w40-5-lt","status":"publish","type":"product","link":"https:\/\/santosdacunha.com\/lojalubrificantes\/produto\/galp-formula-plus-5w40-5-lt\/","title":{"rendered":"Galp Formula Plus 5W40 5 Lt"},"content":{"rendered":"<p>Galp Formula Plus 5W40 5 Lt<\/p>\n<p>Lubrificante 100% sint\u00e9tico, destinado a motores de ve\u00edculos ligeiros a gasolina e diesel. Proporciona excelente protec\u00e7\u00e3o contra a ferrugem e a oxida\u00e7\u00e3o, a altas e baixas temperaturas. Apresenta elevada estabilidade da pel\u00edcula lubrificante e resist\u00eancia ao corte, permitindo a manuten\u00e7\u00e3o das suas propriedades mesmo sob condi\u00e7\u00f5es extremas de press\u00e3o e temperatura.<\/p>\n<p>Galp, o seu especialista em lubrifica\u00e7\u0101o.<\/p>\n<p>Os avan\u00e7os tecnol\u00f3gicos mais recentes no setor autom\u00f3vel permitiram desenvolver motores com menor consumo de combust\u00edvel, menores emiss\u00f5es de gases de escape e o alargamento dos intervalos entre manuten\u00e7\u00f5es. A redu\u00e7\u00e3o do n\u00edvel de emiss\u00f5es deve-se maioritariamente a introdu\u00e7\u00e3o de sistemas de p\u00f3s-tratamento (aftertreatment), tais como: catalisadores e filtros de part\u00edculas, cuja finalidade \u00e9 reter parte das part\u00edculas e gases nocivos que seriam, sem estes sistemas, emitidos pelo escape do veiculo. Estes equipamentos obrigam \u00e0 utiliza\u00e7\u00e3o de lubrificantes topo de gama formulados com aditivos espec\u00edficos e caracter\u00edsticas particulares, pelo que o uso de um lubrificante n\u00e3o adequado poder\u00e1 p\u00f4r em risco o bom funcionamento e a manuten\u00e7\u00e3o destes sistemas. E por isso fundamental respeitar os per\u00edodos de muda de \u00f3leo e utilizar o lubrificante recomendado pelo fabricante do ve\u00edculo.<\/p>\n","protected":false},"excerpt":{"rendered":"<p>Galp Formula Plus 5W40 5 Lt Lubrificante 100% sint\u00e9tico, destinado a motores de ve\u00edculos ligeiros a gasolina e diesel. Proporciona excelente protec\u00e7\u00e3o contra a ferrugem e a oxida\u00e7\u00e3o, a altas<\/p>\n","protected":false},"featured_media":21169,"comment_status":"closed","ping_status":"closed","template":"","meta":[],"product_brand":[],"product_cat":[19],"product_tag":[],"class_list":{"0":"post-21168","1":"product","2":"type-product","3":"status-publish","4":"has-post-thumbnail","6":"product_cat-ligeiros","8":"first","9":"instock","10":"taxable","11":"shipping-taxable","12":"purchasable","13":"product-type-simple"},"_links":{"self":[{"href":"https:\/\/santosdacunha.com\/lojalubrificantes\/wp-json\/wp\/v2\/product\/21168","targetHints":{"allow":["GET"]}}],"collection":[{"href":"https:\/\/santosdacunha.com\/lojalubrificantes\/wp-json\/wp\/v2\/product"}],"about":[{"href":"https:\/\/santosdacunha.com\/lojalubrificantes\/wp-json\/wp\/v2\/types\/product"}],"replies":[{"embeddable":true,"href":"https:\/\/santosdacunha.com\/lojalubrificantes\/wp-json\/wp\/v2\/comments?post=21168"}],"wp:featuredmedia":[{"embeddable":true,"href":"https:\/\/santosdacunha.com\/lojalubrificantes\/wp-json\/wp\/v2\/media\/21169"}],"wp:attachment":[{"href":"https:\/\/santosdacunha.com\/lojalubrificantes\/wp-json\/wp\/v2\/media?parent=21168"}],"wp:term":[{"taxonomy":"product_brand","embeddable":true,"href":"https:\/\/santosdacunha.com\/lojalubrificantes\/wp-json\/wp\/v2\/product_brand?post=21168"},{"taxonomy":"product_cat","embeddable":true,"href":"https:\/\/santosdacunha.com\/lojalubrificantes\/wp-json\/wp\/v2\/product_cat?post=21168"},{"taxonomy":"product_tag","embeddable":true,"href":"https:\/\/santosdacunha.com\/lojalubrificantes\/wp-json\/wp\/v2\/product_tag?post=21168"}],"curies":[{"name":"wp","href":"https:\/\/api.w.org\/{rel}","templated":true}]}}