{"id":21184,"date":"2021-06-18T20:15:43","date_gmt":"2021-06-18T20:15:43","guid":{"rendered":"https:\/\/santosdacunha.com\/lojalubrificantes\/?post_type=product&#038;p=21184"},"modified":"2025-07-18T09:41:27","modified_gmt":"2025-07-18T09:41:27","slug":"galp-galaxia-c-40-5-lt","status":"publish","type":"product","link":"https:\/\/santosdacunha.com\/lojalubrificantes\/produto\/galp-galaxia-c-40-5-lt\/","title":{"rendered":"Galp Galaxia C 40 5 Lt"},"content":{"rendered":"<p>Galp Galaxia C 40 5 Lt<\/p>\n<p>Lubrificante monograduado de superior qualidade destinado \u00e0 lubrifica\u00e7\u00e3o de motores diesel, de aspira\u00e7\u00e3o natural ou turboalimentados<\/p>\n<p>Galp, o seu especialista em lubrifica\u00e7\u0101o.<\/p>\n<p>Os motores dos ve\u00edculos pesados s\u00e3o frequentemente sujeitos a condi\u00e7\u00f5es severas de utiliza\u00e7\u00e3o e a escolha do lubrificante adequado constitui um papel chave no seu bom funcionamento. Os lubrificantes Galp Gal\u00e1xia foram criteriosamente formulados para cumprir as tr\u00eas principais fun\u00e7\u00f5es de um lubrificante de motor: Lubrificar, minimizando o desgaste do equipamento; Limpar, prevenindo a ferrugem e a corros\u00e3o e Arrefecer os componentes do motor.<\/p>\n","protected":false},"excerpt":{"rendered":"<p>Galp Galaxia C 40 5 Lt Lubrificante monograduado de superior qualidade destinado \u00e0 lubrifica\u00e7\u00e3o de motores diesel, de aspira\u00e7\u00e3o natural ou turboalimentados Galp, o seu especialista em lubrifica\u00e7\u0101o. Os motores<\/p>\n","protected":false},"featured_media":21185,"comment_status":"closed","ping_status":"closed","template":"","meta":[],"product_brand":[],"product_cat":[20],"product_tag":[],"class_list":{"0":"post-21184","1":"product","2":"type-product","3":"status-publish","4":"has-post-thumbnail","6":"product_cat-pesados","8":"first","9":"instock","10":"taxable","11":"shipping-taxable","12":"purchasable","13":"product-type-simple"},"_links":{"self":[{"href":"https:\/\/santosdacunha.com\/lojalubrificantes\/wp-json\/wp\/v2\/product\/21184","targetHints":{"allow":["GET"]}}],"collection":[{"href":"https:\/\/santosdacunha.com\/lojalubrificantes\/wp-json\/wp\/v2\/product"}],"about":[{"href":"https:\/\/santosdacunha.com\/lojalubrificantes\/wp-json\/wp\/v2\/types\/product"}],"replies":[{"embeddable":true,"href":"https:\/\/santosdacunha.com\/lojalubrificantes\/wp-json\/wp\/v2\/comments?post=21184"}],"wp:featuredmedia":[{"embeddable":true,"href":"https:\/\/santosdacunha.com\/lojalubrificantes\/wp-json\/wp\/v2\/media\/21185"}],"wp:attachment":[{"href":"https:\/\/santosdacunha.com\/lojalubrificantes\/wp-json\/wp\/v2\/media?parent=21184"}],"wp:term":[{"taxonomy":"product_brand","embeddable":true,"href":"https:\/\/santosdacunha.com\/lojalubrificantes\/wp-json\/wp\/v2\/product_brand?post=21184"},{"taxonomy":"product_cat","embeddable":true,"href":"https:\/\/santosdacunha.com\/lojalubrificantes\/wp-json\/wp\/v2\/product_cat?post=21184"},{"taxonomy":"product_tag","embeddable":true,"href":"https:\/\/santosdacunha.com\/lojalubrificantes\/wp-json\/wp\/v2\/product_tag?post=21184"}],"curies":[{"name":"wp","href":"https:\/\/api.w.org\/{rel}","templated":true}]}}