{"id":21213,"date":"2021-06-19T10:57:01","date_gmt":"2021-06-19T10:57:01","guid":{"rendered":"https:\/\/santosdacunha.com\/lojalubrificantes\/?post_type=product&#038;p=21213"},"modified":"2025-07-18T08:04:06","modified_gmt":"2025-07-18T08:04:06","slug":"galp-galaxia-ultra-ls-10w40-5-lt","status":"publish","type":"product","link":"https:\/\/santosdacunha.com\/lojalubrificantes\/produto\/galp-galaxia-ultra-ls-10w40-5-lt\/","title":{"rendered":"Galp Galaxia Ultra LS 10W40 5 Lt"},"content":{"rendered":"<p>Galp Galaxia Ultra LS 10W40 5 Lt<\/p>\n<p>Lubrificante sint\u00e9tico multigraduado de excepcional qualidade, do tipo EHPDO (Extra High Performance Diesel Oil), especialmente recomendado para a lubrifica\u00e7\u00e3o de motores diesel de ve\u00edculos pesados de elevada pot\u00eancia, de aspira\u00e7\u00e3o natural ou turboalimentados operando nas mais severas condi\u00e7\u00f5es de utiliza\u00e7\u00e3o, em particular quando sujeitos a intervalos de muda de \u00f3leo muito alargados. Este produto possui a exigente especifica\u00e7\u00e3o Scania LDF-2.<\/p>\n<p>Galp, o seu especialista em lubrifica\u00e7\u0101o.<\/p>\n<p>Os motores dos ve\u00edculos pesados s\u00e3o frequentemente sujeitos a condi\u00e7\u00f5es severas de utiliza\u00e7\u00e3o e a escolha do lubrificante adequado constitui um papel chave no seu bom funcionamento. Os lubrificantes Galp Gal\u00e1xia foram criteriosamente formulados para cumprir as tr\u00eas principais fun\u00e7\u00f5es de um lubrificante de motor: Lubrificar, minimizando o desgaste do equipamento; Limpar, prevenindo a ferrugem e a corros\u00e3o e Arrefecer os componentes do motor.<\/p>\n","protected":false},"excerpt":{"rendered":"<p>Galp Galaxia Ultra LS 10W40 5 Lt Lubrificante sint\u00e9tico multigraduado de excepcional qualidade, do tipo EHPDO (Extra High Performance Diesel Oil), especialmente recomendado para a lubrifica\u00e7\u00e3o de motores diesel de<\/p>\n","protected":false},"featured_media":21686,"comment_status":"closed","ping_status":"closed","template":"","meta":[],"product_brand":[],"product_cat":[20],"product_tag":[],"class_list":{"0":"post-21213","1":"product","2":"type-product","3":"status-publish","4":"has-post-thumbnail","6":"product_cat-pesados","8":"first","9":"instock","10":"taxable","11":"shipping-taxable","12":"purchasable","13":"product-type-simple"},"_links":{"self":[{"href":"https:\/\/santosdacunha.com\/lojalubrificantes\/wp-json\/wp\/v2\/product\/21213","targetHints":{"allow":["GET"]}}],"collection":[{"href":"https:\/\/santosdacunha.com\/lojalubrificantes\/wp-json\/wp\/v2\/product"}],"about":[{"href":"https:\/\/santosdacunha.com\/lojalubrificantes\/wp-json\/wp\/v2\/types\/product"}],"replies":[{"embeddable":true,"href":"https:\/\/santosdacunha.com\/lojalubrificantes\/wp-json\/wp\/v2\/comments?post=21213"}],"wp:featuredmedia":[{"embeddable":true,"href":"https:\/\/santosdacunha.com\/lojalubrificantes\/wp-json\/wp\/v2\/media\/21686"}],"wp:attachment":[{"href":"https:\/\/santosdacunha.com\/lojalubrificantes\/wp-json\/wp\/v2\/media?parent=21213"}],"wp:term":[{"taxonomy":"product_brand","embeddable":true,"href":"https:\/\/santosdacunha.com\/lojalubrificantes\/wp-json\/wp\/v2\/product_brand?post=21213"},{"taxonomy":"product_cat","embeddable":true,"href":"https:\/\/santosdacunha.com\/lojalubrificantes\/wp-json\/wp\/v2\/product_cat?post=21213"},{"taxonomy":"product_tag","embeddable":true,"href":"https:\/\/santosdacunha.com\/lojalubrificantes\/wp-json\/wp\/v2\/product_tag?post=21213"}],"curies":[{"name":"wp","href":"https:\/\/api.w.org\/{rel}","templated":true}]}}