{"id":21223,"date":"2021-06-19T12:48:37","date_gmt":"2021-06-19T12:48:37","guid":{"rendered":"https:\/\/santosdacunha.com\/lojalubrificantes\/?post_type=product&#038;p=21223"},"modified":"2025-07-18T07:52:02","modified_gmt":"2025-07-18T07:52:02","slug":"galp-galaxia-ultra-pime-10w40-5-lt","status":"publish","type":"product","link":"https:\/\/santosdacunha.com\/lojalubrificantes\/produto\/galp-galaxia-ultra-pime-10w40-5-lt\/","title":{"rendered":"Galp Galaxia Ultra Pime 10W40 5 Lt"},"content":{"rendered":"<p>Galp Galaxia Ultra Pime 10W40 5 Lt<\/p>\n<p>Lubrificante sint\u00e9tico, especialmente recomendado para a lubrifica\u00e7\u00e3o de motores diesel de elevada pot\u00eancia, de aspira\u00e7\u00e3o natural ou turbo alimentados, EURO V e EURO VI, operando nas mais severas condi\u00e7\u00f5es de utiliza\u00e7\u00e3o, em particular quando sujeitos a intervalos de muda de \u00f3leo muito alargados (Long Drain). Desenvolvido com tecnologia de topo, combina as mais recentes e exigentes especifica\u00e7\u00f5es ACEA e API, tornando-o adequado para aplica\u00e7\u00e3o nos motores mais recentes de origem europeia e americana. O seu baixo teor em cinzas sulfatadas, f\u00f3sforo e enxofre (Mid-SAPS) torna-o adequado para motores com sistemas de filtra\u00e7\u00e3o\/reten\u00e7\u00e3o simples ou mistos do tipo DPF (Filtros de Part\u00edculas Diesel), EGR (Recircula\u00e7\u00e3o de Gases de Escape) e sistemas de redu\u00e7\u00e3o do tipo SCR NOx (Redu\u00e7\u00e3o Catal\u00edtica Selectiva de \u00d3xidos de Azoto). Para al\u00e9m de cumprir os requisitos das especifica\u00e7\u00f5es low SAPS: ACEA E6\/E9; MB 228.51; MAN 3477; entre outras, \u00e9 igualmente adequado a motores que requeiram a performance ACEA E7 (full-SAPS). Pelo leque alargado de aplica\u00e7\u00f5es onde pode ser utilizado, este produto \u00e9 especialmente adequado para clientes com frotas, possibilitando assim reduzir o n\u00ba de produtos necess\u00e1rios e ajudando numa otimiza\u00e7\u00e3o de stocks e minimiza\u00e7\u00e3o de erros por utiliza\u00e7\u00e3o incorreta de produto.<\/p>\n<p>&nbsp;<\/p>\n<p>Galp, o seu especialista em lubrifica\u00e7\u0101o.<\/p>\n<p>&nbsp;<\/p>\n<p>Os motores dos ve\u00edculos pesados s\u00e3o frequentemente sujeitos a condi\u00e7\u00f5es severas de utiliza\u00e7\u00e3o e a escolha do lubrificante adequado constitui um papel chave no seu bom funcionamento. Os lubrificantes Galp Gal\u00e1xia foram criteriosamente formulados para cumprir as tr\u00eas principais fun\u00e7\u00f5es de um lubrificante de motor: Lubrificar, minimizando o desgaste do equipamento; Limpar, prevenindo a ferrugem e a corros\u00e3o e Arrefecer os componentes do motor.<\/p>\n","protected":false},"excerpt":{"rendered":"<p>Galp Galaxia Ultra Pime 10W40 5 Lt Lubrificante sint\u00e9tico, especialmente recomendado para a lubrifica\u00e7\u00e3o de motores diesel de elevada pot\u00eancia, de aspira\u00e7\u00e3o natural ou turbo alimentados, EURO V e EURO<\/p>\n","protected":false},"featured_media":21225,"comment_status":"closed","ping_status":"closed","template":"","meta":[],"product_brand":[],"product_cat":[20],"product_tag":[],"class_list":{"0":"post-21223","1":"product","2":"type-product","3":"status-publish","4":"has-post-thumbnail","6":"product_cat-pesados","8":"first","9":"instock","10":"taxable","11":"shipping-taxable","12":"purchasable","13":"product-type-simple"},"_links":{"self":[{"href":"https:\/\/santosdacunha.com\/lojalubrificantes\/wp-json\/wp\/v2\/product\/21223","targetHints":{"allow":["GET"]}}],"collection":[{"href":"https:\/\/santosdacunha.com\/lojalubrificantes\/wp-json\/wp\/v2\/product"}],"about":[{"href":"https:\/\/santosdacunha.com\/lojalubrificantes\/wp-json\/wp\/v2\/types\/product"}],"replies":[{"embeddable":true,"href":"https:\/\/santosdacunha.com\/lojalubrificantes\/wp-json\/wp\/v2\/comments?post=21223"}],"wp:featuredmedia":[{"embeddable":true,"href":"https:\/\/santosdacunha.com\/lojalubrificantes\/wp-json\/wp\/v2\/media\/21225"}],"wp:attachment":[{"href":"https:\/\/santosdacunha.com\/lojalubrificantes\/wp-json\/wp\/v2\/media?parent=21223"}],"wp:term":[{"taxonomy":"product_brand","embeddable":true,"href":"https:\/\/santosdacunha.com\/lojalubrificantes\/wp-json\/wp\/v2\/product_brand?post=21223"},{"taxonomy":"product_cat","embeddable":true,"href":"https:\/\/santosdacunha.com\/lojalubrificantes\/wp-json\/wp\/v2\/product_cat?post=21223"},{"taxonomy":"product_tag","embeddable":true,"href":"https:\/\/santosdacunha.com\/lojalubrificantes\/wp-json\/wp\/v2\/product_tag?post=21223"}],"curies":[{"name":"wp","href":"https:\/\/api.w.org\/{rel}","templated":true}]}}