{"id":21227,"date":"2021-06-19T13:07:34","date_gmt":"2021-06-19T13:07:34","guid":{"rendered":"https:\/\/santosdacunha.com\/lojalubrificantes\/?post_type=product&#038;p=21227"},"modified":"2025-07-18T07:50:23","modified_gmt":"2025-07-18T07:50:23","slug":"galp-galaxia-ultra-s3-10w40-5-lt","status":"publish","type":"product","link":"https:\/\/santosdacunha.com\/lojalubrificantes\/produto\/galp-galaxia-ultra-s3-10w40-5-lt\/","title":{"rendered":"Galp Galaxia Ultra S3 10W40 5 Lt"},"content":{"rendered":"<p>Galp Galaxia Ultra S3 10W40 5 Lt<\/p>\n<p>Lubrificante 100% sint\u00e9tico, do tipo UHPD (Ultra High Performance Diesel Oil) destinado \u00e0 lubrifica\u00e7\u00e3o de motores diesel de elevada pot\u00eancia, de aspira\u00e7\u00e3o natural ou turbo alimentados, especialmente desenvolvido para cumprir os exigentes requisitos da especifica\u00e7\u00e3o SCANIA LDF-3, tornando-o adequado para os novos motores SCANIA do tipo EURO VI.<\/p>\n<p>&nbsp;<\/p>\n<p>Galp, o seu especialista em lubrifica\u00e7\u0101o.<\/p>\n<p>&nbsp;<\/p>\n<p>Os motores dos ve\u00edculos pesados s\u00e3o frequentemente sujeitos a condi\u00e7\u00f5es severas de utiliza\u00e7\u00e3o e a escolha do lubrificante adequado constitui um papel chave no seu bom funcionamento. Os lubrificantes Galp Gal\u00e1xia foram criteriosamente formulados para cumprir as tr\u00eas principais fun\u00e7\u00f5es de um lubrificante de motor: Lubrificar, minimizando o desgaste do equipamento; Limpar, prevenindo a ferrugem e a corros\u00e3o e Arrefecer os componentes do motor.<\/p>\n","protected":false},"excerpt":{"rendered":"<p>Galp Galaxia Ultra S3 10W40 5 Lt Lubrificante 100% sint\u00e9tico, do tipo UHPD (Ultra High Performance Diesel Oil) destinado \u00e0 lubrifica\u00e7\u00e3o de motores diesel de elevada pot\u00eancia, de aspira\u00e7\u00e3o natural<\/p>\n","protected":false},"featured_media":21228,"comment_status":"closed","ping_status":"closed","template":"","meta":[],"product_brand":[],"product_cat":[20],"product_tag":[],"class_list":{"0":"post-21227","1":"product","2":"type-product","3":"status-publish","4":"has-post-thumbnail","6":"product_cat-pesados","8":"first","9":"instock","10":"taxable","11":"shipping-taxable","12":"purchasable","13":"product-type-simple"},"_links":{"self":[{"href":"https:\/\/santosdacunha.com\/lojalubrificantes\/wp-json\/wp\/v2\/product\/21227","targetHints":{"allow":["GET"]}}],"collection":[{"href":"https:\/\/santosdacunha.com\/lojalubrificantes\/wp-json\/wp\/v2\/product"}],"about":[{"href":"https:\/\/santosdacunha.com\/lojalubrificantes\/wp-json\/wp\/v2\/types\/product"}],"replies":[{"embeddable":true,"href":"https:\/\/santosdacunha.com\/lojalubrificantes\/wp-json\/wp\/v2\/comments?post=21227"}],"wp:featuredmedia":[{"embeddable":true,"href":"https:\/\/santosdacunha.com\/lojalubrificantes\/wp-json\/wp\/v2\/media\/21228"}],"wp:attachment":[{"href":"https:\/\/santosdacunha.com\/lojalubrificantes\/wp-json\/wp\/v2\/media?parent=21227"}],"wp:term":[{"taxonomy":"product_brand","embeddable":true,"href":"https:\/\/santosdacunha.com\/lojalubrificantes\/wp-json\/wp\/v2\/product_brand?post=21227"},{"taxonomy":"product_cat","embeddable":true,"href":"https:\/\/santosdacunha.com\/lojalubrificantes\/wp-json\/wp\/v2\/product_cat?post=21227"},{"taxonomy":"product_tag","embeddable":true,"href":"https:\/\/santosdacunha.com\/lojalubrificantes\/wp-json\/wp\/v2\/product_tag?post=21227"}],"curies":[{"name":"wp","href":"https:\/\/api.w.org\/{rel}","templated":true}]}}