{"id":21236,"date":"2021-06-19T14:31:05","date_gmt":"2021-06-19T14:31:05","guid":{"rendered":"https:\/\/santosdacunha.com\/lojalubrificantes\/?post_type=product&#038;p=21236"},"modified":"2025-07-18T07:46:07","modified_gmt":"2025-07-18T07:46:07","slug":"galp-hidrolep-68-5-lt","status":"publish","type":"product","link":"https:\/\/santosdacunha.com\/lojalubrificantes\/produto\/galp-hidrolep-68-5-lt\/","title":{"rendered":"Galp Hidrolep 68 5 Lt"},"content":{"rendered":"<p>Galp Hidrolep 68 5 Lt<\/p>\n<p>Fluido hidr\u00e1ulico formulado a partir de bases paraf\u00ednicas, possuindo propriedades anti-desgaste refor\u00e7adas que asseguram o correto funcionamento dos grupos hidr\u00e1ulicos industriais garantindo a prote\u00e7\u00e3o dos org\u00e3os mec\u00e2nicos mesmo em condi\u00e7\u00f5es de trabalho severo.<\/p>\n","protected":false},"excerpt":{"rendered":"<p>Galp Hidrolep 68 5 Lt Fluido hidr\u00e1ulico formulado a partir de bases paraf\u00ednicas, possuindo propriedades anti-desgaste refor\u00e7adas que asseguram o correto funcionamento dos grupos hidr\u00e1ulicos industriais garantindo a prote\u00e7\u00e3o dos<\/p>\n","protected":false},"featured_media":21237,"comment_status":"closed","ping_status":"closed","template":"","meta":[],"product_brand":[],"product_cat":[22,33,21],"product_tag":[],"class_list":{"0":"post-21236","1":"product","2":"type-product","3":"status-publish","4":"has-post-thumbnail","6":"product_cat-agricultura","7":"product_cat-lubrificantes","8":"product_cat-maquinas-off-road","10":"first","11":"instock","12":"taxable","13":"shipping-taxable","14":"purchasable","15":"product-type-simple"},"_links":{"self":[{"href":"https:\/\/santosdacunha.com\/lojalubrificantes\/wp-json\/wp\/v2\/product\/21236","targetHints":{"allow":["GET"]}}],"collection":[{"href":"https:\/\/santosdacunha.com\/lojalubrificantes\/wp-json\/wp\/v2\/product"}],"about":[{"href":"https:\/\/santosdacunha.com\/lojalubrificantes\/wp-json\/wp\/v2\/types\/product"}],"replies":[{"embeddable":true,"href":"https:\/\/santosdacunha.com\/lojalubrificantes\/wp-json\/wp\/v2\/comments?post=21236"}],"wp:featuredmedia":[{"embeddable":true,"href":"https:\/\/santosdacunha.com\/lojalubrificantes\/wp-json\/wp\/v2\/media\/21237"}],"wp:attachment":[{"href":"https:\/\/santosdacunha.com\/lojalubrificantes\/wp-json\/wp\/v2\/media?parent=21236"}],"wp:term":[{"taxonomy":"product_brand","embeddable":true,"href":"https:\/\/santosdacunha.com\/lojalubrificantes\/wp-json\/wp\/v2\/product_brand?post=21236"},{"taxonomy":"product_cat","embeddable":true,"href":"https:\/\/santosdacunha.com\/lojalubrificantes\/wp-json\/wp\/v2\/product_cat?post=21236"},{"taxonomy":"product_tag","embeddable":true,"href":"https:\/\/santosdacunha.com\/lojalubrificantes\/wp-json\/wp\/v2\/product_tag?post=21236"}],"curies":[{"name":"wp","href":"https:\/\/api.w.org\/{rel}","templated":true}]}}