{"id":21243,"date":"2021-06-19T14:50:21","date_gmt":"2021-06-19T14:50:21","guid":{"rendered":"https:\/\/santosdacunha.com\/lojalubrificantes\/?post_type=product&#038;p=21243"},"modified":"2025-07-18T07:41:09","modified_gmt":"2025-07-18T07:41:09","slug":"galp-moto-action-4t-plus-15w50-5-lt","status":"publish","type":"product","link":"https:\/\/santosdacunha.com\/lojalubrificantes\/produto\/galp-moto-action-4t-plus-15w50-5-lt\/","title":{"rendered":"Galp Moto Action 4T Plus 15W50 5 Lt"},"content":{"rendered":"<p>Galp Moto Action 4T Plus 15W50 5 Lt<\/p>\n<p>Lubrificante sint\u00e9tico para motores a 4 tempos e caixas de velocidades de motos (lubrifica\u00e7\u00e3o conjunta com a do motor). Elevada performance e fiabilidade em condu\u00e7\u00e3o desportiva.<\/p>\n<p>&nbsp;<\/p>\n<p>Galp, o seu especialista em lubrifica\u00e7\u0101o.<\/p>\n<p>&nbsp;<\/p>\n<p>Partilhamos consigo a paix\u00e3o genu\u00edna e intensa que as motas provocam. No nosso laborat\u00f3rio, unimos esfor\u00e7os e investimos continuamente na investiga\u00e7\u00e3o e desenvolvimento, na procura pelas melhores solu\u00e7\u00f5es para os nosOs clientes. A nossa miss\u00e3o \u00e9 desenvolver, produzir e comercializar os melhores e mais adequados lubrificantes, massas e produtos acess\u00f3rios, de forma a proporcionar o melhor desempenho, prote\u00e7\u00e3o e performance dos motores, sob as Condi\u00e7\u00f5es mais exigentes de utiliza\u00e7\u00e3o. A Galp Energia \u00e9 l\u00edder em Portugal, o nosso mercado de origem, em todos os segmentOs de neg\u00f3cio em que opera e a sua atividade chega a mais de 65 Pa\u00edses espalhados pelos 5 Continentes. E por tudo isto que a qualidade dos lubrificantes Galp \u00e9 reconhecida pelas mais importantes organiza\u00e7\u00f5es internacionais, pelos fabricantes de equipamentos (OEM) e sobretudo, pelos nossos clientes, que confiam nos nossos produtos para dar vida e proteger os motores das suas motos.<\/p>\n","protected":false},"excerpt":{"rendered":"<p>Galp Moto Action 4T Plus 15W50 5 Lt Lubrificante sint\u00e9tico para motores a 4 tempos e caixas de velocidades de motos (lubrifica\u00e7\u00e3o conjunta com a do motor). Elevada performance e<\/p>\n","protected":false},"featured_media":21245,"comment_status":"open","ping_status":"closed","template":"","meta":[],"product_brand":[],"product_cat":[24],"product_tag":[],"class_list":{"0":"post-21243","1":"product","2":"type-product","3":"status-publish","4":"has-post-thumbnail","6":"product_cat-motos","8":"first","9":"instock","10":"taxable","11":"shipping-taxable","12":"product-type-simple"},"_links":{"self":[{"href":"https:\/\/santosdacunha.com\/lojalubrificantes\/wp-json\/wp\/v2\/product\/21243","targetHints":{"allow":["GET"]}}],"collection":[{"href":"https:\/\/santosdacunha.com\/lojalubrificantes\/wp-json\/wp\/v2\/product"}],"about":[{"href":"https:\/\/santosdacunha.com\/lojalubrificantes\/wp-json\/wp\/v2\/types\/product"}],"replies":[{"embeddable":true,"href":"https:\/\/santosdacunha.com\/lojalubrificantes\/wp-json\/wp\/v2\/comments?post=21243"}],"wp:featuredmedia":[{"embeddable":true,"href":"https:\/\/santosdacunha.com\/lojalubrificantes\/wp-json\/wp\/v2\/media\/21245"}],"wp:attachment":[{"href":"https:\/\/santosdacunha.com\/lojalubrificantes\/wp-json\/wp\/v2\/media?parent=21243"}],"wp:term":[{"taxonomy":"product_brand","embeddable":true,"href":"https:\/\/santosdacunha.com\/lojalubrificantes\/wp-json\/wp\/v2\/product_brand?post=21243"},{"taxonomy":"product_cat","embeddable":true,"href":"https:\/\/santosdacunha.com\/lojalubrificantes\/wp-json\/wp\/v2\/product_cat?post=21243"},{"taxonomy":"product_tag","embeddable":true,"href":"https:\/\/santosdacunha.com\/lojalubrificantes\/wp-json\/wp\/v2\/product_tag?post=21243"}],"curies":[{"name":"wp","href":"https:\/\/api.w.org\/{rel}","templated":true}]}}