{"id":21261,"date":"2021-06-19T15:55:39","date_gmt":"2021-06-19T15:55:39","guid":{"rendered":"https:\/\/santosdacunha.com\/lojalubrificantes\/?post_type=product&#038;p=21261"},"modified":"2025-07-18T06:54:50","modified_gmt":"2025-07-18T06:54:50","slug":"galp-moto-action-ms-2t-5-lt","status":"publish","type":"product","link":"https:\/\/santosdacunha.com\/lojalubrificantes\/produto\/galp-moto-action-ms-2t-5-lt\/","title":{"rendered":"Galp Moto Action MS 2T 5 Lt"},"content":{"rendered":"<p>Galp Moto Action MS 2T 5 Lt<\/p>\n<p>Lubrificante sint\u00e9tico para motores a 2 tempos de motos e motorizadas de altas rota\u00e7\u00f5es conduzidas desportivamente, abastecidas com mistura pr\u00e9via ou equipadas com sistema autolube. Utiliz\u00e1vel em motores de moto-serras, para as quais satisfaz as m\u00e1ximas exig\u00eancias. Satisfaz as mais severas exig\u00eancias quanto ao poder de lubrifica\u00e7\u00e3o, prote\u00e7\u00e3o contra o desgaste e limpeza do motor e das janelas de escape. Melhora a efic\u00e1cia e pot\u00eancia dispon\u00edvel do motor. Excecional redu\u00e7\u00e3o de fumos de escape. Totalmente compat\u00edvel com qualquer tipo de gasolina.<\/p>\n<p>&nbsp;<\/p>\n<p>Galp, o seu especialista em lubrifica\u00e7\u0101o.<\/p>\n<p>&nbsp;<\/p>\n<p>Partilhamos consigo a paix\u00e3o genu\u00edna e intensa que as motas provocam. No nosso laborat\u00f3rio, unimos esfor\u00e7os e investimos continuamente na investiga\u00e7\u00e3o e desenvolvimento, na procura pelas melhores solu\u00e7\u00f5es para os nossos clientes. A nossa miss\u00e3o \u00e9 desenvolver, produzir e comercializar os melhores e mais adequados lubrificantes, massas e produtos acess\u00f3rios, de forma a proporcionar o melhor desempenho, prote\u00e7\u00e3o e performance dos motores, sob as Condi\u00e7\u00f5es mais exigentes de utiliza\u00e7\u00e3o. A Galp Energia \u00e9 l\u00edder em Portugal, o nosso mercado de origem, em todos os segmentOs de neg\u00f3cio em que opera e a sua atividade chega a mais de 65 Pa\u00edses espalhados pelos 5 Continentes. E por tudo isto que a qualidade dos lubrificantes Galp \u00e9 reconhecida pelas mais importantes organiza\u00e7\u00f5es internacionais, pelos fabricantes de equipamentos (OEM) e sobretudo, pelos nossos clientes, que confiam nos nossos produtos para dar vida e proteger os motores das suas motos.<\/p>\n","protected":false},"excerpt":{"rendered":"<p>Galp Moto Action MS 2T 5 Lt Lubrificante sint\u00e9tico para motores a 2 tempos de motos e motorizadas de altas rota\u00e7\u00f5es conduzidas desportivamente, abastecidas com mistura pr\u00e9via ou equipadas com<\/p>\n","protected":false},"featured_media":21259,"comment_status":"closed","ping_status":"closed","template":"","meta":[],"product_brand":[],"product_cat":[24],"product_tag":[],"class_list":{"0":"post-21261","1":"product","2":"type-product","3":"status-publish","4":"has-post-thumbnail","6":"product_cat-motos","8":"first","9":"instock","10":"taxable","11":"shipping-taxable","12":"purchasable","13":"product-type-simple"},"_links":{"self":[{"href":"https:\/\/santosdacunha.com\/lojalubrificantes\/wp-json\/wp\/v2\/product\/21261","targetHints":{"allow":["GET"]}}],"collection":[{"href":"https:\/\/santosdacunha.com\/lojalubrificantes\/wp-json\/wp\/v2\/product"}],"about":[{"href":"https:\/\/santosdacunha.com\/lojalubrificantes\/wp-json\/wp\/v2\/types\/product"}],"replies":[{"embeddable":true,"href":"https:\/\/santosdacunha.com\/lojalubrificantes\/wp-json\/wp\/v2\/comments?post=21261"}],"wp:featuredmedia":[{"embeddable":true,"href":"https:\/\/santosdacunha.com\/lojalubrificantes\/wp-json\/wp\/v2\/media\/21259"}],"wp:attachment":[{"href":"https:\/\/santosdacunha.com\/lojalubrificantes\/wp-json\/wp\/v2\/media?parent=21261"}],"wp:term":[{"taxonomy":"product_brand","embeddable":true,"href":"https:\/\/santosdacunha.com\/lojalubrificantes\/wp-json\/wp\/v2\/product_brand?post=21261"},{"taxonomy":"product_cat","embeddable":true,"href":"https:\/\/santosdacunha.com\/lojalubrificantes\/wp-json\/wp\/v2\/product_cat?post=21261"},{"taxonomy":"product_tag","embeddable":true,"href":"https:\/\/santosdacunha.com\/lojalubrificantes\/wp-json\/wp\/v2\/product_tag?post=21261"}],"curies":[{"name":"wp","href":"https:\/\/api.w.org\/{rel}","templated":true}]}}