{"id":21277,"date":"2021-06-19T20:54:31","date_gmt":"2021-06-19T20:54:31","guid":{"rendered":"https:\/\/santosdacunha.com\/lojalubrificantes\/?post_type=product&#038;p=21277"},"modified":"2025-07-17T20:30:00","modified_gmt":"2025-07-17T20:30:00","slug":"galp-motoserra-35-5-lt","status":"publish","type":"product","link":"https:\/\/santosdacunha.com\/lojalubrificantes\/produto\/galp-motoserra-35-5-lt\/","title":{"rendered":"GALP MOTOSERRA 35 5 Lt"},"content":{"rendered":"<p>GALP MOTOSERRA 35 5 Lt<\/p>\n<p>Lubrificante destinado \u00e0 lubrifica\u00e7\u00e3o de correntes de motoserras. Apresenta uma boa capacidade lubrificante e refrigerante das correntes de moto-serras, proporcionando assim uma maior prote\u00e7\u00e3o das mesmas. (Visc. Cin. @40\u00ba = 125 cSt)<\/p>\n","protected":false},"excerpt":{"rendered":"<p>GALP MOTOSERRA 35 5 Lt Lubrificante destinado \u00e0 lubrifica\u00e7\u00e3o de correntes de motoserras. Apresenta uma boa capacidade lubrificante e refrigerante das correntes de moto-serras, proporcionando assim uma maior prote\u00e7\u00e3o das<\/p>\n","protected":false},"featured_media":21278,"comment_status":"closed","ping_status":"closed","template":"","meta":[],"product_brand":[],"product_cat":[22,25],"product_tag":[],"class_list":{"0":"post-21277","1":"product","2":"type-product","3":"status-publish","4":"has-post-thumbnail","6":"product_cat-agricultura","7":"product_cat-motoserra","9":"first","10":"instock","11":"taxable","12":"shipping-taxable","13":"product-type-simple"},"_links":{"self":[{"href":"https:\/\/santosdacunha.com\/lojalubrificantes\/wp-json\/wp\/v2\/product\/21277","targetHints":{"allow":["GET"]}}],"collection":[{"href":"https:\/\/santosdacunha.com\/lojalubrificantes\/wp-json\/wp\/v2\/product"}],"about":[{"href":"https:\/\/santosdacunha.com\/lojalubrificantes\/wp-json\/wp\/v2\/types\/product"}],"replies":[{"embeddable":true,"href":"https:\/\/santosdacunha.com\/lojalubrificantes\/wp-json\/wp\/v2\/comments?post=21277"}],"wp:featuredmedia":[{"embeddable":true,"href":"https:\/\/santosdacunha.com\/lojalubrificantes\/wp-json\/wp\/v2\/media\/21278"}],"wp:attachment":[{"href":"https:\/\/santosdacunha.com\/lojalubrificantes\/wp-json\/wp\/v2\/media?parent=21277"}],"wp:term":[{"taxonomy":"product_brand","embeddable":true,"href":"https:\/\/santosdacunha.com\/lojalubrificantes\/wp-json\/wp\/v2\/product_brand?post=21277"},{"taxonomy":"product_cat","embeddable":true,"href":"https:\/\/santosdacunha.com\/lojalubrificantes\/wp-json\/wp\/v2\/product_cat?post=21277"},{"taxonomy":"product_tag","embeddable":true,"href":"https:\/\/santosdacunha.com\/lojalubrificantes\/wp-json\/wp\/v2\/product_tag?post=21277"}],"curies":[{"name":"wp","href":"https:\/\/api.w.org\/{rel}","templated":true}]}}