{"id":21297,"date":"2021-06-20T11:13:25","date_gmt":"2021-06-20T11:13:25","guid":{"rendered":"https:\/\/santosdacunha.com\/lojalubrificantes\/?post_type=product&#038;p=21297"},"modified":"2025-07-17T19:06:59","modified_gmt":"2025-07-17T19:06:59","slug":"galp-transmatic-diii-1-lt","status":"publish","type":"product","link":"https:\/\/santosdacunha.com\/lojalubrificantes\/produto\/galp-transmatic-diii-1-lt\/","title":{"rendered":"Galp Transmatic DIII 1 Lt"},"content":{"rendered":"<p>Galp Transmatic DIII 1 Lt<\/p>\n<p>Lubrificante sint\u00e9tico de elevada qualidade para aplica\u00e7\u00e3o em transmiss\u00f5es autom\u00e1ticas de ve\u00edculos autom\u00f3veis ligeiros e pesados, bem como m\u00e1quinas de obras p\u00fablicas e mineira onde seja recomendado um fluido Dexron III. Pode ainda ser utilizado em direc\u00e7\u00f5es assistidas e equipamentos hidr\u00e1ulicos na ind\u00fastria mineira, marinha e constru\u00e7\u00e3o que incorporem bombas Vickers, Sunstrand e Denison (HF-O). N\u00e3o est\u00e1 recomendado para aplica\u00e7\u00f5es onde se especifique um fluido Ford M2C33-F\/G.<\/p>\n<p>&nbsp;<\/p>\n<p>Galp Energia, o seu especialista em lubrifica\u00e7\u00e3o.<\/p>\n<p>&nbsp;<\/p>\n<p>Os Lubrificantes para transmiss\u00f5es s\u00e3o \u00f3leos concebidos pela Galp Energia exclusivamente para estas aplica\u00e7\u00f5es. Lembre-se que um produto de qualidade duvidosa ou inadequado para a especificidade de utiliza\u00e7\u00e3o pode comprometer a fiabilidade do equipamento.<\/p>\n<p>&nbsp;<\/p>\n<p>Principais fun\u00e7\u00f5es de um lubrificante para transmiss\u00f5es manuais:<br \/>\n&#8211; Impedir o desgaste e a corros\u00e3o<br \/>\n&#8211; Transferir o calor<br \/>\n&#8211; Prevenir espumas<\/p>\n<p>&nbsp;<\/p>\n<p>Propriedades e requisitos:<br \/>\nO lubrificante para caixas de velocIdade manuais devera ser compat\u00edvel com o sincronizador e proteger as engrenagens.<br \/>\nO lubrificante para o diferencial devera apresentar prote\u00e7\u00e3o do tipo extrema press\u00e3o para resistir a cargas muito elevadas.<br \/>\nAl\u00e9m das fun\u00e7\u00f5es acima referidas, o lubrificante para caixas de transmiss\u00f5es manuais dever\u00e1:<br \/>\n&#8211; Apresentar elevada estabilidade t\u00e9rmica<br \/>\n&#8211; Ser compat\u00edvel com vedantes<br \/>\nA aditiva\u00e7\u00e3o do lubrificante dever\u00e1 ser distinta consoante a disposi\u00e7\u00e3o dos carretos.<br \/>\nO lubrificante para as transmiss\u00f5es autom\u00e1ticas dever\u00e1 ser um fluido hidr\u00e1ulico, com propriedades refrigerantes que amorte\u00e7a o engrenamento.<\/p>\n","protected":false},"excerpt":{"rendered":"<p>Galp Transmatic DIII 1 Lt Lubrificante sint\u00e9tico de elevada qualidade para aplica\u00e7\u00e3o em transmiss\u00f5es autom\u00e1ticas de ve\u00edculos autom\u00f3veis ligeiros e pesados, bem como m\u00e1quinas de obras p\u00fablicas e mineira onde<\/p>\n","protected":false},"featured_media":21298,"comment_status":"closed","ping_status":"closed","template":"","meta":[],"product_brand":[],"product_cat":[27],"product_tag":[],"class_list":{"0":"post-21297","1":"product","2":"type-product","3":"status-publish","4":"has-post-thumbnail","6":"product_cat-transmissoes","8":"first","9":"instock","10":"taxable","11":"shipping-taxable","12":"purchasable","13":"product-type-simple"},"_links":{"self":[{"href":"https:\/\/santosdacunha.com\/lojalubrificantes\/wp-json\/wp\/v2\/product\/21297","targetHints":{"allow":["GET"]}}],"collection":[{"href":"https:\/\/santosdacunha.com\/lojalubrificantes\/wp-json\/wp\/v2\/product"}],"about":[{"href":"https:\/\/santosdacunha.com\/lojalubrificantes\/wp-json\/wp\/v2\/types\/product"}],"replies":[{"embeddable":true,"href":"https:\/\/santosdacunha.com\/lojalubrificantes\/wp-json\/wp\/v2\/comments?post=21297"}],"wp:featuredmedia":[{"embeddable":true,"href":"https:\/\/santosdacunha.com\/lojalubrificantes\/wp-json\/wp\/v2\/media\/21298"}],"wp:attachment":[{"href":"https:\/\/santosdacunha.com\/lojalubrificantes\/wp-json\/wp\/v2\/media?parent=21297"}],"wp:term":[{"taxonomy":"product_brand","embeddable":true,"href":"https:\/\/santosdacunha.com\/lojalubrificantes\/wp-json\/wp\/v2\/product_brand?post=21297"},{"taxonomy":"product_cat","embeddable":true,"href":"https:\/\/santosdacunha.com\/lojalubrificantes\/wp-json\/wp\/v2\/product_cat?post=21297"},{"taxonomy":"product_tag","embeddable":true,"href":"https:\/\/santosdacunha.com\/lojalubrificantes\/wp-json\/wp\/v2\/product_tag?post=21297"}],"curies":[{"name":"wp","href":"https:\/\/api.w.org\/{rel}","templated":true}]}}