{"id":21304,"date":"2021-06-20T11:39:48","date_gmt":"2021-06-20T11:39:48","guid":{"rendered":"https:\/\/santosdacunha.com\/lojalubrificantes\/?post_type=product&#038;p=21304"},"modified":"2025-07-17T18:44:06","modified_gmt":"2025-07-17T18:44:06","slug":"galp-transmatic-z-1-lt","status":"publish","type":"product","link":"https:\/\/santosdacunha.com\/lojalubrificantes\/produto\/galp-transmatic-z-1-lt\/","title":{"rendered":"Galp Transmatic Z 1 Lt"},"content":{"rendered":"<p>Galp Transmatic Z 1 Lt<\/p>\n<p>Lubrificante 100% sint\u00e9tico, de qualidade excecional, formulado com bases PAO, para aplica\u00e7\u00e3o em caixas de velocidade autom\u00e1ticas e dire\u00e7\u00f5es assistidas, de ve\u00edculos ligeiros e pesados. \u00c9 igualmente destinado \u00e0 utiliza\u00e7\u00e3o em dire\u00e7\u00f5es assistidas e equipamentos hidr\u00e1ulicos de equipamentos agr\u00edcolas e constru\u00e7\u00e3o civil e maquinaria de obras p\u00fablicas. Pelo leque bastante alargado de aplica\u00e7\u00f5es onde pode ser utilizado, este produto \u00e9 especialmente adequado para clientes com frotas mistas ou com diversos tipos de equipamentos, possibilitando assim reduzir o n\u00ba de produtos necess\u00e1rios e ajudando numa optimiza\u00e7\u00e3o de stocks e minimiza\u00e7\u00e3o de erros por utiliza\u00e7\u00e3o incorreta de produto. Permite intervalos de mudan\u00e7a de \u00f3leo prolongados, de acordo com os estabelecidos por diversos fabricantes de equipamentos.<\/p>\n<p>&nbsp;<\/p>\n<p>Galp Energia, o seu especialista em lubrifica\u00e7\u00e3o.<\/p>\n<p>&nbsp;<\/p>\n<p>Os Lubrificantes para transmiss\u00f5es s\u00e3o \u00f3leos concebidos pela Galp Energia exclusivamente para estas aplica\u00e7\u00f5es. Lembre-se que um produto de qualidade duvidosa ou inadequado para a especificidade de utiliza\u00e7\u00e3o pode comprometer a fiabilidade do equipamento.<\/p>\n<p>&nbsp;<\/p>\n<p>Principais fun\u00e7\u00f5es de um lubrificante para transmiss\u00f5es manuais:<br \/>\n&#8211; Impedir o desgaste e a corros\u00e3o<br \/>\n&#8211; Transferir o calor<br \/>\n&#8211; Prevenir espumas<\/p>\n<p>&nbsp;<\/p>\n<p>Propriedades e requisitos:<br \/>\nO lubrificante para caixas de velocIdade manuais devera ser compat\u00edvel com o sincronizador e proteger as engrenagens.<br \/>\nO lubrificante para o diferencial devera apresentar prote\u00e7\u00e3o do tipo extrema press\u00e3o para resistir a cargas muito elevadas.<br \/>\nAl\u00e9m das fun\u00e7\u00f5es acima referidas, o lubrificante para caixas de transmiss\u00f5es manuais dever\u00e1:<br \/>\n&#8211; Apresentar elevada estabilidade t\u00e9rmica<br \/>\n&#8211; Ser compat\u00edvel com vedantes<br \/>\nA aditiva\u00e7\u00e3o do lubrificante dever\u00e1 ser distinta consoante a disposi\u00e7\u00e3o dos carretos.<br \/>\nO lubrificante para as transmiss\u00f5es autom\u00e1ticas dever\u00e1 ser um fluido hidr\u00e1ulico, com propriedades refrigerantes que amorte\u00e7a o engrenamento.<\/p>\n","protected":false},"excerpt":{"rendered":"<p>Galp Transmatic Z 1 Lt Lubrificante 100% sint\u00e9tico, de qualidade excecional, formulado com bases PAO, para aplica\u00e7\u00e3o em caixas de velocidade autom\u00e1ticas e dire\u00e7\u00f5es assistidas, de ve\u00edculos ligeiros e pesados.<\/p>\n","protected":false},"featured_media":21305,"comment_status":"closed","ping_status":"closed","template":"","meta":[],"product_brand":[],"product_cat":[27],"product_tag":[],"class_list":{"0":"post-21304","1":"product","2":"type-product","3":"status-publish","4":"has-post-thumbnail","6":"product_cat-transmissoes","8":"first","9":"instock","10":"taxable","11":"shipping-taxable","12":"purchasable","13":"product-type-simple"},"_links":{"self":[{"href":"https:\/\/santosdacunha.com\/lojalubrificantes\/wp-json\/wp\/v2\/product\/21304","targetHints":{"allow":["GET"]}}],"collection":[{"href":"https:\/\/santosdacunha.com\/lojalubrificantes\/wp-json\/wp\/v2\/product"}],"about":[{"href":"https:\/\/santosdacunha.com\/lojalubrificantes\/wp-json\/wp\/v2\/types\/product"}],"replies":[{"embeddable":true,"href":"https:\/\/santosdacunha.com\/lojalubrificantes\/wp-json\/wp\/v2\/comments?post=21304"}],"wp:featuredmedia":[{"embeddable":true,"href":"https:\/\/santosdacunha.com\/lojalubrificantes\/wp-json\/wp\/v2\/media\/21305"}],"wp:attachment":[{"href":"https:\/\/santosdacunha.com\/lojalubrificantes\/wp-json\/wp\/v2\/media?parent=21304"}],"wp:term":[{"taxonomy":"product_brand","embeddable":true,"href":"https:\/\/santosdacunha.com\/lojalubrificantes\/wp-json\/wp\/v2\/product_brand?post=21304"},{"taxonomy":"product_cat","embeddable":true,"href":"https:\/\/santosdacunha.com\/lojalubrificantes\/wp-json\/wp\/v2\/product_cat?post=21304"},{"taxonomy":"product_tag","embeddable":true,"href":"https:\/\/santosdacunha.com\/lojalubrificantes\/wp-json\/wp\/v2\/product_tag?post=21304"}],"curies":[{"name":"wp","href":"https:\/\/api.w.org\/{rel}","templated":true}]}}