{"id":21332,"date":"2021-06-20T14:59:21","date_gmt":"2021-06-20T14:59:21","guid":{"rendered":"https:\/\/santosdacunha.com\/lojalubrificantes\/?post_type=product&#038;p=21332"},"modified":"2025-07-17T18:24:45","modified_gmt":"2025-07-17T18:24:45","slug":"galp-transoil-hp-80w90-1-lt-2","status":"publish","type":"product","link":"https:\/\/santosdacunha.com\/lojalubrificantes\/produto\/galp-transoil-hp-80w90-1-lt-2\/","title":{"rendered":"Galp Transoil HP 80W90 1 Lt"},"content":{"rendered":"<p>Galp Transoil HP 80W90 1 Lt<\/p>\n<p>Lubrificante mineral multigraduado, para transmiss\u00f5es de ve\u00edculos ligeiros e pesados. Especialmente indicado para caixas de velocidade. Protege e arrefece o equipamento durante a opera\u00e7\u00e3o. Ajuda a controlar a fric\u00e7\u00e3o e o desgaste das pe\u00e7as met\u00e1licas. Previne o aparecimento de espumas e mant\u00eam as suas caracter\u00edsticas durante longos per\u00edodos de tempo. Apresenta boa estabilidade t\u00e9rmica e resist\u00eancia \u00e0 oxida\u00e7\u00e3o. Proporciona uma condu\u00e7\u00e3o suave no decorrer das mudan\u00e7as de velocidade.<\/p>\n","protected":false},"excerpt":{"rendered":"<p>Galp Transoil HP 80W90 1 Lt Lubrificante mineral multigraduado, para transmiss\u00f5es de ve\u00edculos ligeiros e pesados. Especialmente indicado para caixas de velocidade. Protege e arrefece o equipamento durante a opera\u00e7\u00e3o.<\/p>\n","protected":false},"featured_media":21333,"comment_status":"closed","ping_status":"closed","template":"","meta":[],"product_brand":[],"product_cat":[28,27],"product_tag":[],"class_list":{"0":"post-21332","1":"product","2":"type-product","3":"status-publish","4":"has-post-thumbnail","6":"product_cat-caixas-de-velocidades","7":"product_cat-transmissoes","9":"first","10":"instock","11":"taxable","12":"shipping-taxable","13":"purchasable","14":"product-type-simple"},"_links":{"self":[{"href":"https:\/\/santosdacunha.com\/lojalubrificantes\/wp-json\/wp\/v2\/product\/21332","targetHints":{"allow":["GET"]}}],"collection":[{"href":"https:\/\/santosdacunha.com\/lojalubrificantes\/wp-json\/wp\/v2\/product"}],"about":[{"href":"https:\/\/santosdacunha.com\/lojalubrificantes\/wp-json\/wp\/v2\/types\/product"}],"replies":[{"embeddable":true,"href":"https:\/\/santosdacunha.com\/lojalubrificantes\/wp-json\/wp\/v2\/comments?post=21332"}],"wp:featuredmedia":[{"embeddable":true,"href":"https:\/\/santosdacunha.com\/lojalubrificantes\/wp-json\/wp\/v2\/media\/21333"}],"wp:attachment":[{"href":"https:\/\/santosdacunha.com\/lojalubrificantes\/wp-json\/wp\/v2\/media?parent=21332"}],"wp:term":[{"taxonomy":"product_brand","embeddable":true,"href":"https:\/\/santosdacunha.com\/lojalubrificantes\/wp-json\/wp\/v2\/product_brand?post=21332"},{"taxonomy":"product_cat","embeddable":true,"href":"https:\/\/santosdacunha.com\/lojalubrificantes\/wp-json\/wp\/v2\/product_cat?post=21332"},{"taxonomy":"product_tag","embeddable":true,"href":"https:\/\/santosdacunha.com\/lojalubrificantes\/wp-json\/wp\/v2\/product_tag?post=21332"}],"curies":[{"name":"wp","href":"https:\/\/api.w.org\/{rel}","templated":true}]}}