{"id":21340,"date":"2021-06-20T15:23:57","date_gmt":"2021-06-20T15:23:57","guid":{"rendered":"https:\/\/santosdacunha.com\/lojalubrificantes\/?post_type=product&#038;p=21340"},"modified":"2025-07-17T18:19:37","modified_gmt":"2025-07-17T18:19:37","slug":"galp-transoil-hp-90-1-lt","status":"publish","type":"product","link":"https:\/\/santosdacunha.com\/lojalubrificantes\/produto\/galp-transoil-hp-90-1-lt\/","title":{"rendered":"Galp Transoil HP 90 1 Lt"},"content":{"rendered":"<p>Galp Transoil HP 90 1 Lt<\/p>\n<p>Lubrificante mineral monograduado, contendo aditivos EP (Extrema Press\u00e3o), para transmiss\u00f5es de ve\u00edculos ligeiros e pesados. Especialmente indicado para diferenciais. Protege e arrefece o equipamento durante a opera\u00e7\u00e3o. Ajuda a controlar a fric\u00e7\u00e3o e o desgaste das pe\u00e7as met\u00e1licas. Proporciona resist\u00eancia a cargas espec\u00edficas elevadas, em condi\u00e7\u00f5es de rolamento e escorregamento, a altas ou baixas velocidades, ou de choque, assegurando uma lubrifica\u00e7\u00e3o perfeita, nomeadamente nos diferenciais hip\u00f3ide a trabalhar sob regime severo.<\/p>\n","protected":false},"excerpt":{"rendered":"<p>Galp Transoil HP 90 1 Lt Lubrificante mineral monograduado, contendo aditivos EP (Extrema Press\u00e3o), para transmiss\u00f5es de ve\u00edculos ligeiros e pesados. Especialmente indicado para diferenciais. Protege e arrefece o equipamento<\/p>\n","protected":false},"featured_media":21323,"comment_status":"closed","ping_status":"closed","template":"","meta":[],"product_brand":[],"product_cat":[28,27],"product_tag":[],"class_list":{"0":"post-21340","1":"product","2":"type-product","3":"status-publish","4":"has-post-thumbnail","6":"product_cat-caixas-de-velocidades","7":"product_cat-transmissoes","9":"first","10":"instock","11":"taxable","12":"shipping-taxable","13":"purchasable","14":"product-type-simple"},"_links":{"self":[{"href":"https:\/\/santosdacunha.com\/lojalubrificantes\/wp-json\/wp\/v2\/product\/21340","targetHints":{"allow":["GET"]}}],"collection":[{"href":"https:\/\/santosdacunha.com\/lojalubrificantes\/wp-json\/wp\/v2\/product"}],"about":[{"href":"https:\/\/santosdacunha.com\/lojalubrificantes\/wp-json\/wp\/v2\/types\/product"}],"replies":[{"embeddable":true,"href":"https:\/\/santosdacunha.com\/lojalubrificantes\/wp-json\/wp\/v2\/comments?post=21340"}],"wp:featuredmedia":[{"embeddable":true,"href":"https:\/\/santosdacunha.com\/lojalubrificantes\/wp-json\/wp\/v2\/media\/21323"}],"wp:attachment":[{"href":"https:\/\/santosdacunha.com\/lojalubrificantes\/wp-json\/wp\/v2\/media?parent=21340"}],"wp:term":[{"taxonomy":"product_brand","embeddable":true,"href":"https:\/\/santosdacunha.com\/lojalubrificantes\/wp-json\/wp\/v2\/product_brand?post=21340"},{"taxonomy":"product_cat","embeddable":true,"href":"https:\/\/santosdacunha.com\/lojalubrificantes\/wp-json\/wp\/v2\/product_cat?post=21340"},{"taxonomy":"product_tag","embeddable":true,"href":"https:\/\/santosdacunha.com\/lojalubrificantes\/wp-json\/wp\/v2\/product_tag?post=21340"}],"curies":[{"name":"wp","href":"https:\/\/api.w.org\/{rel}","templated":true}]}}