{"id":21345,"date":"2021-06-20T15:40:18","date_gmt":"2021-06-20T15:40:18","guid":{"rendered":"https:\/\/santosdacunha.com\/lojalubrificantes\/?post_type=product&#038;p=21345"},"modified":"2025-07-17T18:14:00","modified_gmt":"2025-07-17T18:14:00","slug":"galp-transvex-tdl-75w90-1-lt","status":"publish","type":"product","link":"https:\/\/santosdacunha.com\/lojalubrificantes\/produto\/galp-transvex-tdl-75w90-1-lt\/","title":{"rendered":"Galp Transvex TDL 75W90 1 Lt"},"content":{"rendered":"<p>Galp Transvex TDL 75W90 1 Lt<\/p>\n<p>Lubrificante 100% sint\u00e9tico, com bases PAO (Polialfaolefinas), incorporando a mais avan\u00e7ada tecnologia de aditiva\u00e7\u00e3o, especialmente desenvolvido para a lubrifica\u00e7\u00e3o de caixas de velocidade manuais e diferenciais, incluindo os hip\u00f3ides. Apresenta caracter\u00edsticas de estabilidade t\u00e9rmica e limpeza excecionais, adequadas a condi\u00e7\u00f5es de utiliza\u00e7\u00e3o severa e sujeitas a elevadas temperaturas. Excelente Fluidez a baixas temperaturas. Protege as transmiss\u00f5es e proporciona uma mudan\u00e7a de engrenagem suave. Permite intervalos de mudan\u00e7a de \u00f3leo alargados.<\/p>\n","protected":false},"excerpt":{"rendered":"<p>Galp Transvex TDL 75W90 1 Lt Lubrificante 100% sint\u00e9tico, com bases PAO (Polialfaolefinas), incorporando a mais avan\u00e7ada tecnologia de aditiva\u00e7\u00e3o, especialmente desenvolvido para a lubrifica\u00e7\u00e3o de caixas de velocidade manuais<\/p>\n","protected":false},"featured_media":21346,"comment_status":"closed","ping_status":"closed","template":"","meta":[],"product_brand":[],"product_cat":[28],"product_tag":[],"class_list":{"0":"post-21345","1":"product","2":"type-product","3":"status-publish","4":"has-post-thumbnail","6":"product_cat-caixas-de-velocidades","8":"first","9":"instock","10":"taxable","11":"shipping-taxable","12":"purchasable","13":"product-type-simple"},"_links":{"self":[{"href":"https:\/\/santosdacunha.com\/lojalubrificantes\/wp-json\/wp\/v2\/product\/21345","targetHints":{"allow":["GET"]}}],"collection":[{"href":"https:\/\/santosdacunha.com\/lojalubrificantes\/wp-json\/wp\/v2\/product"}],"about":[{"href":"https:\/\/santosdacunha.com\/lojalubrificantes\/wp-json\/wp\/v2\/types\/product"}],"replies":[{"embeddable":true,"href":"https:\/\/santosdacunha.com\/lojalubrificantes\/wp-json\/wp\/v2\/comments?post=21345"}],"wp:featuredmedia":[{"embeddable":true,"href":"https:\/\/santosdacunha.com\/lojalubrificantes\/wp-json\/wp\/v2\/media\/21346"}],"wp:attachment":[{"href":"https:\/\/santosdacunha.com\/lojalubrificantes\/wp-json\/wp\/v2\/media?parent=21345"}],"wp:term":[{"taxonomy":"product_brand","embeddable":true,"href":"https:\/\/santosdacunha.com\/lojalubrificantes\/wp-json\/wp\/v2\/product_brand?post=21345"},{"taxonomy":"product_cat","embeddable":true,"href":"https:\/\/santosdacunha.com\/lojalubrificantes\/wp-json\/wp\/v2\/product_cat?post=21345"},{"taxonomy":"product_tag","embeddable":true,"href":"https:\/\/santosdacunha.com\/lojalubrificantes\/wp-json\/wp\/v2\/product_tag?post=21345"}],"curies":[{"name":"wp","href":"https:\/\/api.w.org\/{rel}","templated":true}]}}