{"id":21565,"date":"2021-07-01T19:56:31","date_gmt":"2021-07-01T19:56:31","guid":{"rendered":"https:\/\/santosdacunha.com\/lojalubrificantes\/?post_type=product&#038;p=21565"},"modified":"2025-07-17T16:32:16","modified_gmt":"2025-07-17T16:32:16","slug":"galp-care-limpa-vidros-2-5-lt","status":"publish","type":"product","link":"https:\/\/santosdacunha.com\/lojalubrificantes\/produto\/galp-care-limpa-vidros-2-5-lt\/","title":{"rendered":"Galp Care Limpa Vidros 2.5 Lt"},"content":{"rendered":"<p>Galp Care Limpa Vidros 2.5 Lt<\/p>\n<p>Flu\u00eddo para uso direto no reservat\u00f3rio do limpa para-brisas. Lava e desengordura todas as superf\u00edcies vidradas dos ve\u00edculos (vidros, retrovisores e \u00f3pticas). Remove eficazmente as marcas de insetos, poeiras, lama, gordura e outras manchas. Seca rapidamente sem deixar res\u00edduos. N\u00e3o ataca borrachas, pl\u00e1sticos e pinturas.<\/p>\n","protected":false},"excerpt":{"rendered":"<p>Galp Care Limpa Vidros 2.5 Lt Flu\u00eddo para uso direto no reservat\u00f3rio do limpa para-brisas. Lava e desengordura todas as superf\u00edcies vidradas dos ve\u00edculos (vidros, retrovisores e \u00f3pticas). Remove eficazmente<\/p>\n","protected":false},"featured_media":21566,"comment_status":"closed","ping_status":"closed","template":"","meta":[],"product_brand":[],"product_cat":[31],"product_tag":[],"class_list":{"0":"post-21565","1":"product","2":"type-product","3":"status-publish","4":"has-post-thumbnail","6":"product_cat-galp-care","8":"first","9":"instock","10":"taxable","11":"shipping-taxable","12":"purchasable","13":"product-type-simple"},"_links":{"self":[{"href":"https:\/\/santosdacunha.com\/lojalubrificantes\/wp-json\/wp\/v2\/product\/21565","targetHints":{"allow":["GET"]}}],"collection":[{"href":"https:\/\/santosdacunha.com\/lojalubrificantes\/wp-json\/wp\/v2\/product"}],"about":[{"href":"https:\/\/santosdacunha.com\/lojalubrificantes\/wp-json\/wp\/v2\/types\/product"}],"replies":[{"embeddable":true,"href":"https:\/\/santosdacunha.com\/lojalubrificantes\/wp-json\/wp\/v2\/comments?post=21565"}],"wp:featuredmedia":[{"embeddable":true,"href":"https:\/\/santosdacunha.com\/lojalubrificantes\/wp-json\/wp\/v2\/media\/21566"}],"wp:attachment":[{"href":"https:\/\/santosdacunha.com\/lojalubrificantes\/wp-json\/wp\/v2\/media?parent=21565"}],"wp:term":[{"taxonomy":"product_brand","embeddable":true,"href":"https:\/\/santosdacunha.com\/lojalubrificantes\/wp-json\/wp\/v2\/product_brand?post=21565"},{"taxonomy":"product_cat","embeddable":true,"href":"https:\/\/santosdacunha.com\/lojalubrificantes\/wp-json\/wp\/v2\/product_cat?post=21565"},{"taxonomy":"product_tag","embeddable":true,"href":"https:\/\/santosdacunha.com\/lojalubrificantes\/wp-json\/wp\/v2\/product_tag?post=21565"}],"curies":[{"name":"wp","href":"https:\/\/api.w.org\/{rel}","templated":true}]}}