{"id":21573,"date":"2021-07-01T20:39:07","date_gmt":"2021-07-01T20:39:07","guid":{"rendered":"https:\/\/santosdacunha.com\/lojalubrificantes\/?post_type=product&#038;p=21573"},"modified":"2025-07-17T16:28:00","modified_gmt":"2025-07-17T16:28:00","slug":"galp-care-anticongelante-diluido","status":"publish","type":"product","link":"https:\/\/santosdacunha.com\/lojalubrificantes\/produto\/galp-care-anticongelante-diluido\/","title":{"rendered":"Galp Care Anticongelante Dilu\u00eddo"},"content":{"rendered":"<p>Galp Care Anticongelante Dilu\u00eddo<\/p>\n<p>Flu\u00eddo anticongelante de longa dura\u00e7\u00e3o \u00e0 base de etilenoglicol, possuindo uma tecnologia de aditiva\u00e7\u00e3o de carboxilatos, isenta de silicatos, fosfatos e nitritos. Oferece uma prote\u00e7\u00e3o prolongada \u00e0 corros\u00e3o nos componentes met\u00e1licos do motor, incluindo ligas de alum\u00ednio. Garantindo uma protec\u00e7\u00e3o eficiente \u00e0 congela\u00e7\u00e3o e ao sobreaquecimento dos sistemas de refrigera\u00e7\u00e3o durante todo o ano.<br \/>\nDisponivel na forma concentrada, para posterior dilui\u00e7\u00e3o em \u00e1gua destilada: GALP CARE ANTICONGELANTE CONCENTRADO PREMIUM ou na forma diluida para utiliza\u00e7\u00e3o direta: GALP CARE ANTICONGELANTE DILUIDO @ 50% PREMIUM; GALP CARE ANTICONGELANTE DILUIDO @ 33% PREMIUM<\/p>\n","protected":false},"excerpt":{"rendered":"<p>Galp Care Anticongelante Dilu\u00eddo Flu\u00eddo anticongelante de longa dura\u00e7\u00e3o \u00e0 base de etilenoglicol, possuindo uma tecnologia de aditiva\u00e7\u00e3o de carboxilatos, isenta de silicatos, fosfatos e nitritos. Oferece uma prote\u00e7\u00e3o prolongada<\/p>\n","protected":false},"featured_media":21575,"comment_status":"closed","ping_status":"closed","template":"","meta":[],"product_brand":[],"product_cat":[31],"product_tag":[],"class_list":{"0":"post-21573","1":"product","2":"type-product","3":"status-publish","4":"has-post-thumbnail","6":"product_cat-galp-care","8":"first","9":"instock","10":"taxable","11":"shipping-taxable","12":"purchasable","13":"product-type-simple"},"_links":{"self":[{"href":"https:\/\/santosdacunha.com\/lojalubrificantes\/wp-json\/wp\/v2\/product\/21573","targetHints":{"allow":["GET"]}}],"collection":[{"href":"https:\/\/santosdacunha.com\/lojalubrificantes\/wp-json\/wp\/v2\/product"}],"about":[{"href":"https:\/\/santosdacunha.com\/lojalubrificantes\/wp-json\/wp\/v2\/types\/product"}],"replies":[{"embeddable":true,"href":"https:\/\/santosdacunha.com\/lojalubrificantes\/wp-json\/wp\/v2\/comments?post=21573"}],"wp:featuredmedia":[{"embeddable":true,"href":"https:\/\/santosdacunha.com\/lojalubrificantes\/wp-json\/wp\/v2\/media\/21575"}],"wp:attachment":[{"href":"https:\/\/santosdacunha.com\/lojalubrificantes\/wp-json\/wp\/v2\/media?parent=21573"}],"wp:term":[{"taxonomy":"product_brand","embeddable":true,"href":"https:\/\/santosdacunha.com\/lojalubrificantes\/wp-json\/wp\/v2\/product_brand?post=21573"},{"taxonomy":"product_cat","embeddable":true,"href":"https:\/\/santosdacunha.com\/lojalubrificantes\/wp-json\/wp\/v2\/product_cat?post=21573"},{"taxonomy":"product_tag","embeddable":true,"href":"https:\/\/santosdacunha.com\/lojalubrificantes\/wp-json\/wp\/v2\/product_tag?post=21573"}],"curies":[{"name":"wp","href":"https:\/\/api.w.org\/{rel}","templated":true}]}}