{"id":21584,"date":"2021-07-02T18:11:34","date_gmt":"2021-07-02T18:11:34","guid":{"rendered":"https:\/\/santosdacunha.com\/lojalubrificantes\/?post_type=product&#038;p=21584"},"modified":"2025-07-17T16:21:58","modified_gmt":"2025-07-17T16:21:58","slug":"galp-care-anti-furo-ambientador-pinho","status":"publish","type":"product","link":"https:\/\/santosdacunha.com\/lojalubrificantes\/produto\/galp-care-anti-furo-ambientador-pinho\/","title":{"rendered":"Galp Care Anti Furo Ambientador Pinho"},"content":{"rendered":"<p>Galp Care Anti Furo Ambientador Pinho<\/p>\n<p>Ambientador perfumado. Perfuma suavemente o ambiente do autom\u00f3vel, eliminando os odores desagrad\u00e1veis.<\/p>\n<p>Dispon\u00edvel nos odores baunilha, anti-tabaco e Pinho<\/p>\n","protected":false},"excerpt":{"rendered":"<p>Galp Care Anti Furo Ambientador Pinho Ambientador perfumado. Perfuma suavemente o ambiente do autom\u00f3vel, eliminando os odores desagrad\u00e1veis. Dispon\u00edvel nos odores baunilha, anti-tabaco e Pinho<\/p>\n","protected":false},"featured_media":21585,"comment_status":"closed","ping_status":"closed","template":"","meta":[],"product_brand":[],"product_cat":[31],"product_tag":[],"class_list":{"0":"post-21584","1":"product","2":"type-product","3":"status-publish","4":"has-post-thumbnail","6":"product_cat-galp-care","8":"first","9":"instock","10":"taxable","11":"shipping-taxable","12":"purchasable","13":"product-type-simple"},"_links":{"self":[{"href":"https:\/\/santosdacunha.com\/lojalubrificantes\/wp-json\/wp\/v2\/product\/21584","targetHints":{"allow":["GET"]}}],"collection":[{"href":"https:\/\/santosdacunha.com\/lojalubrificantes\/wp-json\/wp\/v2\/product"}],"about":[{"href":"https:\/\/santosdacunha.com\/lojalubrificantes\/wp-json\/wp\/v2\/types\/product"}],"replies":[{"embeddable":true,"href":"https:\/\/santosdacunha.com\/lojalubrificantes\/wp-json\/wp\/v2\/comments?post=21584"}],"wp:featuredmedia":[{"embeddable":true,"href":"https:\/\/santosdacunha.com\/lojalubrificantes\/wp-json\/wp\/v2\/media\/21585"}],"wp:attachment":[{"href":"https:\/\/santosdacunha.com\/lojalubrificantes\/wp-json\/wp\/v2\/media?parent=21584"}],"wp:term":[{"taxonomy":"product_brand","embeddable":true,"href":"https:\/\/santosdacunha.com\/lojalubrificantes\/wp-json\/wp\/v2\/product_brand?post=21584"},{"taxonomy":"product_cat","embeddable":true,"href":"https:\/\/santosdacunha.com\/lojalubrificantes\/wp-json\/wp\/v2\/product_cat?post=21584"},{"taxonomy":"product_tag","embeddable":true,"href":"https:\/\/santosdacunha.com\/lojalubrificantes\/wp-json\/wp\/v2\/product_tag?post=21584"}],"curies":[{"name":"wp","href":"https:\/\/api.w.org\/{rel}","templated":true}]}}