{"id":21588,"date":"2021-07-02T18:16:56","date_gmt":"2021-07-02T18:16:56","guid":{"rendered":"https:\/\/santosdacunha.com\/lojalubrificantes\/?post_type=product&#038;p=21588"},"modified":"2025-07-16T21:13:10","modified_gmt":"2025-07-16T21:13:10","slug":"galp-care-ambientador-difusor-auto-baunilha","status":"publish","type":"product","link":"https:\/\/santosdacunha.com\/lojalubrificantes\/produto\/galp-care-ambientador-difusor-auto-baunilha\/","title":{"rendered":"Galp Care Ambientador Difusor Auto Baunilha"},"content":{"rendered":"<p>Galp Care Ambientador Difusor Auto Baunilha<\/p>\n<p>Ambientador perfumado. Perfuma suavemente o ambiente do autom\u00f3vel, eliminando os odores desagrad\u00e1veis.<\/p>\n<p>Dispon\u00edvel nos odores baunilha, anti-tabaco e pinho.<\/p>\n","protected":false},"excerpt":{"rendered":"<p>Galp Care Ambientador Difusor Auto Baunilha Ambientador perfumado. Perfuma suavemente o ambiente do autom\u00f3vel, eliminando os odores desagrad\u00e1veis. Dispon\u00edvel nos odores baunilha, anti-tabaco e pinho.<\/p>\n","protected":false},"featured_media":21589,"comment_status":"open","ping_status":"closed","template":"","meta":[],"product_brand":[],"product_cat":[31],"product_tag":[],"class_list":{"0":"post-21588","1":"product","2":"type-product","3":"status-publish","4":"has-post-thumbnail","6":"product_cat-galp-care","8":"first","9":"instock","10":"taxable","11":"shipping-taxable","12":"product-type-simple"},"_links":{"self":[{"href":"https:\/\/santosdacunha.com\/lojalubrificantes\/wp-json\/wp\/v2\/product\/21588","targetHints":{"allow":["GET"]}}],"collection":[{"href":"https:\/\/santosdacunha.com\/lojalubrificantes\/wp-json\/wp\/v2\/product"}],"about":[{"href":"https:\/\/santosdacunha.com\/lojalubrificantes\/wp-json\/wp\/v2\/types\/product"}],"replies":[{"embeddable":true,"href":"https:\/\/santosdacunha.com\/lojalubrificantes\/wp-json\/wp\/v2\/comments?post=21588"}],"wp:featuredmedia":[{"embeddable":true,"href":"https:\/\/santosdacunha.com\/lojalubrificantes\/wp-json\/wp\/v2\/media\/21589"}],"wp:attachment":[{"href":"https:\/\/santosdacunha.com\/lojalubrificantes\/wp-json\/wp\/v2\/media?parent=21588"}],"wp:term":[{"taxonomy":"product_brand","embeddable":true,"href":"https:\/\/santosdacunha.com\/lojalubrificantes\/wp-json\/wp\/v2\/product_brand?post=21588"},{"taxonomy":"product_cat","embeddable":true,"href":"https:\/\/santosdacunha.com\/lojalubrificantes\/wp-json\/wp\/v2\/product_cat?post=21588"},{"taxonomy":"product_tag","embeddable":true,"href":"https:\/\/santosdacunha.com\/lojalubrificantes\/wp-json\/wp\/v2\/product_tag?post=21588"}],"curies":[{"name":"wp","href":"https:\/\/api.w.org\/{rel}","templated":true}]}}