{"id":21723,"date":"2021-07-03T20:56:30","date_gmt":"2021-07-03T20:56:30","guid":{"rendered":"https:\/\/santosdacunha.com\/lojalubrificantes\/?post_type=product&#038;p=21723"},"modified":"2025-07-16T21:09:49","modified_gmt":"2025-07-16T21:09:49","slug":"galp-transoil-85w140-5-lt","status":"publish","type":"product","link":"https:\/\/santosdacunha.com\/lojalubrificantes\/produto\/galp-transoil-85w140-5-lt\/","title":{"rendered":"Galp Transoil 85W140 5 Lt"},"content":{"rendered":"<p>Galp Transoil 85W140 5 Lt<\/p>\n<p>Lubrificante mineral multigraduado, para transmiss\u00f5es de ve\u00edculos ligeiros e pesados. Especialmente indicado para caixas de velocidade. Protege e arrefece o equipamento durante a opera\u00e7\u00e3o. Ajuda a controlar a fric\u00e7\u00e3o e o desgaste das pe\u00e7as met\u00e1licas. Previne o aparecimento de espumas e mant\u00eam as suas caracter\u00edsticas durante longos per\u00edodos de tempo. Apresenta boa estabilidade t\u00e9rmica e resist\u00eancia \u00e0 oxida\u00e7\u00e3o. Proporciona uma condu\u00e7\u00e3o suave no decorrer das mudan\u00e7as de velocidade.<\/p>\n","protected":false},"excerpt":{"rendered":"<p>Galp Transoil 85W140 5 Lt Lubrificante mineral multigraduado, para transmiss\u00f5es de ve\u00edculos ligeiros e pesados. Especialmente indicado para caixas de velocidade. Protege e arrefece o equipamento durante a opera\u00e7\u00e3o. Ajuda<\/p>\n","protected":false},"featured_media":21766,"comment_status":"closed","ping_status":"closed","template":"","meta":[],"product_brand":[],"product_cat":[28,27],"product_tag":[],"class_list":{"0":"post-21723","1":"product","2":"type-product","3":"status-publish","4":"has-post-thumbnail","6":"product_cat-caixas-de-velocidades","7":"product_cat-transmissoes","9":"first","10":"instock","11":"taxable","12":"shipping-taxable","13":"purchasable","14":"product-type-simple"},"_links":{"self":[{"href":"https:\/\/santosdacunha.com\/lojalubrificantes\/wp-json\/wp\/v2\/product\/21723","targetHints":{"allow":["GET"]}}],"collection":[{"href":"https:\/\/santosdacunha.com\/lojalubrificantes\/wp-json\/wp\/v2\/product"}],"about":[{"href":"https:\/\/santosdacunha.com\/lojalubrificantes\/wp-json\/wp\/v2\/types\/product"}],"replies":[{"embeddable":true,"href":"https:\/\/santosdacunha.com\/lojalubrificantes\/wp-json\/wp\/v2\/comments?post=21723"}],"wp:featuredmedia":[{"embeddable":true,"href":"https:\/\/santosdacunha.com\/lojalubrificantes\/wp-json\/wp\/v2\/media\/21766"}],"wp:attachment":[{"href":"https:\/\/santosdacunha.com\/lojalubrificantes\/wp-json\/wp\/v2\/media?parent=21723"}],"wp:term":[{"taxonomy":"product_brand","embeddable":true,"href":"https:\/\/santosdacunha.com\/lojalubrificantes\/wp-json\/wp\/v2\/product_brand?post=21723"},{"taxonomy":"product_cat","embeddable":true,"href":"https:\/\/santosdacunha.com\/lojalubrificantes\/wp-json\/wp\/v2\/product_cat?post=21723"},{"taxonomy":"product_tag","embeddable":true,"href":"https:\/\/santosdacunha.com\/lojalubrificantes\/wp-json\/wp\/v2\/product_tag?post=21723"}],"curies":[{"name":"wp","href":"https:\/\/api.w.org\/{rel}","templated":true}]}}