{"id":21896,"date":"2021-07-06T17:12:15","date_gmt":"2021-07-06T17:12:15","guid":{"rendered":"https:\/\/santosdacunha.com\/lojalubrificantes\/?post_type=product&#038;p=21896"},"modified":"2025-07-16T20:57:04","modified_gmt":"2025-07-16T20:57:04","slug":"galp-expert-travia-4","status":"publish","type":"product","link":"https:\/\/santosdacunha.com\/lojalubrificantes\/produto\/galp-expert-travia-4\/","title":{"rendered":"Galp Expert Tr\u00e1via 4"},"content":{"rendered":"<p>Galp Expert Tr\u00e1via 4<\/p>\n<p>Fluido 100% sint\u00e9tico para os sistemas hidr\u00e1ulicos de travagem e de embraiagem de ve\u00edculos autom\u00f3veis e de motos. Totalmente compat\u00edvel com flu\u00eddos com as especifica\u00e7\u00f5es DOT 3, DOT 4 e DOT 5.1.<\/p>\n","protected":false},"excerpt":{"rendered":"<p>Galp Expert Tr\u00e1via 4 Fluido 100% sint\u00e9tico para os sistemas hidr\u00e1ulicos de travagem e de embraiagem de ve\u00edculos autom\u00f3veis e de motos. Totalmente compat\u00edvel com flu\u00eddos com as especifica\u00e7\u00f5es DOT<\/p>\n","protected":false},"featured_media":21897,"comment_status":"open","ping_status":"closed","template":"","meta":[],"product_brand":[],"product_cat":[32],"product_tag":[],"class_list":{"0":"post-21896","1":"product","2":"type-product","3":"status-publish","4":"has-post-thumbnail","6":"product_cat-galp-expert","8":"first","9":"instock","10":"taxable","11":"shipping-taxable","12":"product-type-simple"},"_links":{"self":[{"href":"https:\/\/santosdacunha.com\/lojalubrificantes\/wp-json\/wp\/v2\/product\/21896","targetHints":{"allow":["GET"]}}],"collection":[{"href":"https:\/\/santosdacunha.com\/lojalubrificantes\/wp-json\/wp\/v2\/product"}],"about":[{"href":"https:\/\/santosdacunha.com\/lojalubrificantes\/wp-json\/wp\/v2\/types\/product"}],"replies":[{"embeddable":true,"href":"https:\/\/santosdacunha.com\/lojalubrificantes\/wp-json\/wp\/v2\/comments?post=21896"}],"wp:featuredmedia":[{"embeddable":true,"href":"https:\/\/santosdacunha.com\/lojalubrificantes\/wp-json\/wp\/v2\/media\/21897"}],"wp:attachment":[{"href":"https:\/\/santosdacunha.com\/lojalubrificantes\/wp-json\/wp\/v2\/media?parent=21896"}],"wp:term":[{"taxonomy":"product_brand","embeddable":true,"href":"https:\/\/santosdacunha.com\/lojalubrificantes\/wp-json\/wp\/v2\/product_brand?post=21896"},{"taxonomy":"product_cat","embeddable":true,"href":"https:\/\/santosdacunha.com\/lojalubrificantes\/wp-json\/wp\/v2\/product_cat?post=21896"},{"taxonomy":"product_tag","embeddable":true,"href":"https:\/\/santosdacunha.com\/lojalubrificantes\/wp-json\/wp\/v2\/product_tag?post=21896"}],"curies":[{"name":"wp","href":"https:\/\/api.w.org\/{rel}","templated":true}]}}