{"id":22238,"date":"2023-04-28T11:01:04","date_gmt":"2023-04-28T11:01:04","guid":{"rendered":"https:\/\/santosdacunha.com\/lojalubrificantes\/?post_type=product&#038;p=22238"},"modified":"2025-07-16T20:39:38","modified_gmt":"2025-07-16T20:39:38","slug":"macaco-com-rodas-3-tonelada","status":"publish","type":"product","link":"https:\/\/santosdacunha.com\/lojalubrificantes\/produto\/macaco-com-rodas-3-tonelada\/","title":{"rendered":"Macaco com Rodas 3 Toneladas"},"content":{"rendered":"<p>Macaco com Rodas 3 Toneladas<\/p>\n<p class=\"p1\">Caracter\u00edsticas: Capacidade: 3T Peso: 30.5Kg<\/p>\n<p class=\"p1\">Altura m\u00ednima: 75 mm<\/p>\n<p class=\"p1\">Altura m\u00e1xima: 510 mm<\/p>\n<p class=\"p1\">AVISO!!<\/p>\n<p class=\"p1\">1. Este \u00e9 apenas um dispositivo de eleva\u00e7\u00e3o. N\u00e3o mova ou balance o ve\u00edculo enquanto estiver no macaco.<\/p>\n<p class=\"p1\">2. A carga deve ser suportada imediatamente por cavaletes ou por outros meios apropriados.<\/p>\n<p class=\"p1\">3. N\u00e3o sobrecarregue. Sobrecarga pode causar danos ou falhas no macaco.<\/p>\n<p class=\"p1\">4. Levante apenas em \u00e1reas do ve\u00edculo especificadas pelo fabricante do ve\u00edculo.<\/p>\n<p class=\"p1\">5. Este macaco foi projetado para uso em superf\u00edcies resistentes e planas, capazes de sustentar a carga. O uso em superf\u00edcies n\u00e3o niveladas e resistentes pode resultar em instabilidade do macaco e poss\u00edvel queda de carga.<\/p>\n<p class=\"p1\">6. N\u00e3o fique em baixo do ve\u00edculo enquanto o macaco estiver sendo usado como o \u00fanico suporte.<\/p>\n<p class=\"p1\">7. Use apenas pe\u00e7as de reposi\u00e7\u00e3o genu\u00ednas de f\u00e1brica quando a substitui\u00e7\u00e3o de pe\u00e7as for necess\u00e1ria.<\/p>\n<p class=\"p1\">8. O n\u00e3o cumprimento de todos estes avisos, pode resultar em queda de carga, danos ao macaco e \/ ou falha, resultando em ferimentos pessoais ou danos \u00e0 propriedade.<\/p>\n<p class=\"p1\">Tamanho: \u00fanico<\/p>\n","protected":false},"excerpt":{"rendered":"<p>Macaco com Rodas 3 Toneladas Caracter\u00edsticas: Capacidade: 3T Peso: 30.5Kg Altura m\u00ednima: 75 mm Altura m\u00e1xima: 510 mm AVISO!! 1. Este \u00e9 apenas um dispositivo de eleva\u00e7\u00e3o. N\u00e3o mova ou<\/p>\n","protected":false},"featured_media":22239,"comment_status":"closed","ping_status":"closed","template":"","meta":[],"product_brand":[],"product_cat":[37,41,40],"product_tag":[],"class_list":{"0":"post-22238","1":"product","2":"type-product","3":"status-publish","4":"has-post-thumbnail","6":"product_cat-acessorios","7":"product_cat-carros-de-ferramenta","8":"product_cat-ferramenta","10":"first","11":"instock","12":"taxable","13":"shipping-taxable","14":"purchasable","15":"product-type-simple"},"_links":{"self":[{"href":"https:\/\/santosdacunha.com\/lojalubrificantes\/wp-json\/wp\/v2\/product\/22238","targetHints":{"allow":["GET"]}}],"collection":[{"href":"https:\/\/santosdacunha.com\/lojalubrificantes\/wp-json\/wp\/v2\/product"}],"about":[{"href":"https:\/\/santosdacunha.com\/lojalubrificantes\/wp-json\/wp\/v2\/types\/product"}],"replies":[{"embeddable":true,"href":"https:\/\/santosdacunha.com\/lojalubrificantes\/wp-json\/wp\/v2\/comments?post=22238"}],"wp:featuredmedia":[{"embeddable":true,"href":"https:\/\/santosdacunha.com\/lojalubrificantes\/wp-json\/wp\/v2\/media\/22239"}],"wp:attachment":[{"href":"https:\/\/santosdacunha.com\/lojalubrificantes\/wp-json\/wp\/v2\/media?parent=22238"}],"wp:term":[{"taxonomy":"product_brand","embeddable":true,"href":"https:\/\/santosdacunha.com\/lojalubrificantes\/wp-json\/wp\/v2\/product_brand?post=22238"},{"taxonomy":"product_cat","embeddable":true,"href":"https:\/\/santosdacunha.com\/lojalubrificantes\/wp-json\/wp\/v2\/product_cat?post=22238"},{"taxonomy":"product_tag","embeddable":true,"href":"https:\/\/santosdacunha.com\/lojalubrificantes\/wp-json\/wp\/v2\/product_tag?post=22238"}],"curies":[{"name":"wp","href":"https:\/\/api.w.org\/{rel}","templated":true}]}}