{"id":22293,"date":"2023-04-28T12:18:16","date_gmt":"2023-04-28T12:18:16","guid":{"rendered":"https:\/\/santosdacunha.com\/lojalubrificantes\/?post_type=product&#038;p=22293"},"modified":"2025-07-16T19:55:44","modified_gmt":"2025-07-16T19:55:44","slug":"carrinho-3-prateleiras-com-suportes-preto","status":"publish","type":"product","link":"https:\/\/santosdacunha.com\/lojalubrificantes\/produto\/carrinho-3-prateleiras-com-suportes-preto\/","title":{"rendered":"Carrinho 3 Prateleiras com Suportes Preto"},"content":{"rendered":"<p>Carrinho 3 Prateleiras com Suportes Preto<\/p>\n<p>Descri\u00e7\u00e3o:<br \/>\nCarrinho para garagem ou oficina, com 50kg de capacidade por prateleira<\/p>\n<p>Caracter\u00edsticos:<br \/>\nDimens\u00f5es: 760x410x910mm<br \/>\nEspessura prateleiras 0.7mm<br \/>\nEspessura colunas 1.2mm<br \/>\nMaterial colunas cromado<br \/>\nRod\u00edzios 4*4&#8243;, duas rodas com trav\u00e3o<\/p>\n","protected":false},"excerpt":{"rendered":"<p>Carrinho 3 Prateleiras com Suportes Preto Descri\u00e7\u00e3o: Carrinho para garagem ou oficina, com 50kg de capacidade por prateleira Caracter\u00edsticos: Dimens\u00f5es: 760x410x910mm Espessura prateleiras 0.7mm Espessura colunas 1.2mm Material colunas cromado<\/p>\n","protected":false},"featured_media":22296,"comment_status":"closed","ping_status":"closed","template":"","meta":[],"product_brand":[],"product_cat":[37,41],"product_tag":[],"class_list":{"0":"post-22293","1":"product","2":"type-product","3":"status-publish","4":"has-post-thumbnail","6":"product_cat-acessorios","7":"product_cat-carros-de-ferramenta","9":"first","10":"instock","11":"taxable","12":"shipping-taxable","13":"purchasable","14":"product-type-simple"},"_links":{"self":[{"href":"https:\/\/santosdacunha.com\/lojalubrificantes\/wp-json\/wp\/v2\/product\/22293","targetHints":{"allow":["GET"]}}],"collection":[{"href":"https:\/\/santosdacunha.com\/lojalubrificantes\/wp-json\/wp\/v2\/product"}],"about":[{"href":"https:\/\/santosdacunha.com\/lojalubrificantes\/wp-json\/wp\/v2\/types\/product"}],"replies":[{"embeddable":true,"href":"https:\/\/santosdacunha.com\/lojalubrificantes\/wp-json\/wp\/v2\/comments?post=22293"}],"wp:featuredmedia":[{"embeddable":true,"href":"https:\/\/santosdacunha.com\/lojalubrificantes\/wp-json\/wp\/v2\/media\/22296"}],"wp:attachment":[{"href":"https:\/\/santosdacunha.com\/lojalubrificantes\/wp-json\/wp\/v2\/media?parent=22293"}],"wp:term":[{"taxonomy":"product_brand","embeddable":true,"href":"https:\/\/santosdacunha.com\/lojalubrificantes\/wp-json\/wp\/v2\/product_brand?post=22293"},{"taxonomy":"product_cat","embeddable":true,"href":"https:\/\/santosdacunha.com\/lojalubrificantes\/wp-json\/wp\/v2\/product_cat?post=22293"},{"taxonomy":"product_tag","embeddable":true,"href":"https:\/\/santosdacunha.com\/lojalubrificantes\/wp-json\/wp\/v2\/product_tag?post=22293"}],"curies":[{"name":"wp","href":"https:\/\/api.w.org\/{rel}","templated":true}]}}