{"id":22349,"date":"2023-05-04T16:43:48","date_gmt":"2023-05-04T16:43:48","guid":{"rendered":"https:\/\/santosdacunha.com\/lojalubrificantes\/?post_type=product&#038;p=22349"},"modified":"2025-07-16T19:46:25","modified_gmt":"2025-07-16T19:46:25","slug":"carro-ferramenta-7-gavetas-160-pecas-vermelho","status":"publish","type":"product","link":"https:\/\/santosdacunha.com\/lojalubrificantes\/produto\/carro-ferramenta-7-gavetas-160-pecas-vermelho\/","title":{"rendered":"Carro Ferramenta 7 Gavetas 160 Pe\u00e7as Vermelho"},"content":{"rendered":"<p>Carro Ferramenta 7 Gavetas 160 Pe\u00e7as Vermelho<\/p>\n<p class=\"p1\"><span class=\"s1\">Dimens\u00f5es carro: <\/span><\/p>\n<p class=\"p1\"><span class=\"s1\">Altura (com rodas): 980 mm <\/span><\/p>\n<p class=\"p1\"><span class=\"s1\">Altura: 820mm <\/span><\/p>\n<p class=\"p1\"><span class=\"s1\">Largura: 460 mm <\/span><\/p>\n<p class=\"p1\"><span class=\"s1\">Comprimento: 680 mm <\/span><\/p>\n<p class=\"p1\"><span class=\"s1\">Dimens\u00f5es gavetas: (5x) 65x390x530 mm (2x) 145x390x530 mm <\/span><\/p>\n<p class=\"p1\"><span class=\"s1\">Composi\u00e7\u00e3o m\u00f3dulos: <\/span><\/p>\n<p class=\"p1\"><span class=\"s1\">1- M\u00f3dulo 68 pe\u00e7as chaves de caixa e roquetes 1\/4\u201d, 3\/8\u201d y 1\/2 <\/span><\/p>\n<p class=\"p1\"><span class=\"s1\">2-M\u00f3dulo 35 pe\u00e7as chaves boca luneta, luneta, boca <\/span><\/p>\n<p class=\"p1\"><span class=\"s1\">3- M\u00f3dulo 34 pe\u00e7as chaves fenda e cruz eletricista <\/span><\/p>\n<p class=\"p1\"><span class=\"s1\">4- M\u00f3dulo 9 pe\u00e7as alicates <\/span><\/p>\n<p class=\"p1\"><span class=\"s1\">5- M\u00f3dulo 14 pe\u00e7as martelo e chaves em t umbrako e torx<\/span><\/p>\n","protected":false},"excerpt":{"rendered":"<p>Carro Ferramenta 7 Gavetas 160 Pe\u00e7as Vermelho Dimens\u00f5es carro: Altura (com rodas): 980 mm Altura: 820mm Largura: 460 mm Comprimento: 680 mm Dimens\u00f5es gavetas: (5x) 65x390x530 mm (2x) 145x390x530 mm<\/p>\n","protected":false},"featured_media":22350,"comment_status":"closed","ping_status":"closed","template":"","meta":[],"product_brand":[],"product_cat":[37,41],"product_tag":[],"class_list":{"0":"post-22349","1":"product","2":"type-product","3":"status-publish","4":"has-post-thumbnail","6":"product_cat-acessorios","7":"product_cat-carros-de-ferramenta","9":"first","10":"instock","11":"taxable","12":"shipping-taxable","13":"purchasable","14":"product-type-simple"},"_links":{"self":[{"href":"https:\/\/santosdacunha.com\/lojalubrificantes\/wp-json\/wp\/v2\/product\/22349","targetHints":{"allow":["GET"]}}],"collection":[{"href":"https:\/\/santosdacunha.com\/lojalubrificantes\/wp-json\/wp\/v2\/product"}],"about":[{"href":"https:\/\/santosdacunha.com\/lojalubrificantes\/wp-json\/wp\/v2\/types\/product"}],"replies":[{"embeddable":true,"href":"https:\/\/santosdacunha.com\/lojalubrificantes\/wp-json\/wp\/v2\/comments?post=22349"}],"wp:featuredmedia":[{"embeddable":true,"href":"https:\/\/santosdacunha.com\/lojalubrificantes\/wp-json\/wp\/v2\/media\/22350"}],"wp:attachment":[{"href":"https:\/\/santosdacunha.com\/lojalubrificantes\/wp-json\/wp\/v2\/media?parent=22349"}],"wp:term":[{"taxonomy":"product_brand","embeddable":true,"href":"https:\/\/santosdacunha.com\/lojalubrificantes\/wp-json\/wp\/v2\/product_brand?post=22349"},{"taxonomy":"product_cat","embeddable":true,"href":"https:\/\/santosdacunha.com\/lojalubrificantes\/wp-json\/wp\/v2\/product_cat?post=22349"},{"taxonomy":"product_tag","embeddable":true,"href":"https:\/\/santosdacunha.com\/lojalubrificantes\/wp-json\/wp\/v2\/product_tag?post=22349"}],"curies":[{"name":"wp","href":"https:\/\/api.w.org\/{rel}","templated":true}]}}