{"id":22365,"date":"2023-05-04T19:13:24","date_gmt":"2023-05-04T19:13:24","guid":{"rendered":"https:\/\/santosdacunha.com\/lojalubrificantes\/?post_type=product&#038;p=22365"},"modified":"2025-07-16T19:33:28","modified_gmt":"2025-07-16T19:33:28","slug":"bomba-transfega-adblue","status":"publish","type":"product","link":"https:\/\/santosdacunha.com\/lojalubrificantes\/produto\/bomba-transfega-adblue\/","title":{"rendered":"BOMBA TRANSFEGA ADBLUE\u00ae"},"content":{"rendered":"<p>BOMBA TRANSFEGA ADBLUE\u00ae<\/p>\n<p>Caracter\u00edsticas:<br \/>\nTubo extens\u00edvel suc\u00e7\u00e3o 98cm a 120cm<br \/>\nTaxa de fluxo 20L por minuto<br \/>\nFornecido com mangueira flex\u00edvel 2m<br \/>\nFerramenta de oficina r\u00e1pida e eficaz<br \/>\nVolume de entrega: Cerca de 500cc<br \/>\nFaixa aplic\u00e1vel de temperatura: Cerca de -5\u00b0C ~ +45\u00b0C<br \/>\nMateriais Principais: Polypropylene, Polyethylene, Viton\/ FKM<\/p>\n<p>L\u00edquidos aplic\u00e1veis: AdBlue\u00ae, \u00e1gua, lubrificantes, l\u00edquido de lavagem do para-brisas, anticongelante, detergentes suaves, produtos qu\u00edmicos agr\u00edcolas etc<\/p>\n<p>Tamanho(s)<br \/>\n\u00danico<\/p>\n","protected":false},"excerpt":{"rendered":"<p>BOMBA TRANSFEGA ADBLUE\u00ae Caracter\u00edsticas: Tubo extens\u00edvel suc\u00e7\u00e3o 98cm a 120cm Taxa de fluxo 20L por minuto Fornecido com mangueira flex\u00edvel 2m Ferramenta de oficina r\u00e1pida e eficaz Volume de entrega:<\/p>\n","protected":false},"featured_media":22413,"comment_status":"closed","ping_status":"closed","template":"","meta":[],"product_brand":[],"product_cat":[37,43],"product_tag":[],"class_list":{"0":"post-22365","1":"product","2":"type-product","3":"status-publish","4":"has-post-thumbnail","6":"product_cat-acessorios","7":"product_cat-bombas-de-transfega","9":"first","10":"instock","11":"taxable","12":"shipping-taxable","13":"purchasable","14":"product-type-simple"},"_links":{"self":[{"href":"https:\/\/santosdacunha.com\/lojalubrificantes\/wp-json\/wp\/v2\/product\/22365","targetHints":{"allow":["GET"]}}],"collection":[{"href":"https:\/\/santosdacunha.com\/lojalubrificantes\/wp-json\/wp\/v2\/product"}],"about":[{"href":"https:\/\/santosdacunha.com\/lojalubrificantes\/wp-json\/wp\/v2\/types\/product"}],"replies":[{"embeddable":true,"href":"https:\/\/santosdacunha.com\/lojalubrificantes\/wp-json\/wp\/v2\/comments?post=22365"}],"wp:featuredmedia":[{"embeddable":true,"href":"https:\/\/santosdacunha.com\/lojalubrificantes\/wp-json\/wp\/v2\/media\/22413"}],"wp:attachment":[{"href":"https:\/\/santosdacunha.com\/lojalubrificantes\/wp-json\/wp\/v2\/media?parent=22365"}],"wp:term":[{"taxonomy":"product_brand","embeddable":true,"href":"https:\/\/santosdacunha.com\/lojalubrificantes\/wp-json\/wp\/v2\/product_brand?post=22365"},{"taxonomy":"product_cat","embeddable":true,"href":"https:\/\/santosdacunha.com\/lojalubrificantes\/wp-json\/wp\/v2\/product_cat?post=22365"},{"taxonomy":"product_tag","embeddable":true,"href":"https:\/\/santosdacunha.com\/lojalubrificantes\/wp-json\/wp\/v2\/product_tag?post=22365"}],"curies":[{"name":"wp","href":"https:\/\/api.w.org\/{rel}","templated":true}]}}