{"id":927,"date":"2023-10-11T09:01:38","date_gmt":"2023-10-11T09:01:38","guid":{"rendered":"https:\/\/santosdacunha.com\/sc6\/?page_id=927"},"modified":"2024-03-01T17:28:59","modified_gmt":"2024-03-01T17:28:59","slug":"hom","status":"publish","type":"page","link":"https:\/\/santosdacunha.com\/sc6\/","title":{"rendered":"hom"},"content":{"rendered":"<div class=\"wpb-content-wrapper\"><p>[vc_row][vc_column]\n\t\t\t<!-- START thirty_sixth21 REVOLUTION SLIDER 6.7.35 --><p class=\"rs-p-wp-fix\"><\/p>\n\t\t\t<rs-module-wrap id=\"rev_slider_2_1_wrapper\" data-source=\"gallery\" style=\"visibility:hidden;background:rgba(35,35,35,0);padding:0;margin:0px auto;margin-top:0;margin-bottom:0;\">\n\t\t\t\t<rs-module id=\"rev_slider_2_1\" style=\"\" data-version=\"6.7.35\">\n\t\t\t\t\t<rs-slides style=\"overflow: hidden; position: absolute;\">\n\t\t\t\t\t\t<rs-slide style=\"position: absolute;\" data-key=\"rs-4\" data-title=\"First\" data-anim=\"ms:1500;e:slidingoverlay;\" data-in=\"x:(100%);\">\n\t\t\t\t\t\t\t<img decoding=\"async\" src=\"\/\/santosdacunha.com\/sc6\/wp-content\/plugins\/revslider\/sr6\/assets\/assets\/dummy.png\" alt=\"\" title=\"Home_Santos-da-Cunha-6_Combustiveis_Galp_Energia\" width=\"1920\" height=\"949\" class=\"rev-slidebg tp-rs-img rs-lazyload\" data-lazyload=\"\/\/santosdacunha.com\/sc6\/wp-content\/uploads\/2023\/10\/Home_Santos-da-Cunha-6_Combustiveis_Galp_Energia.jpg\" data-parallax=\"5\" data-no-retina>\n<!--\n\t\t\t\t\t\t\t--><rs-layer\n\t\t\t\t\t\t\t\tid=\"slider-2-slide-4-layer-2\" \n\t\t\t\t\t\t\t\tdata-type=\"text\"\n\t\t\t\t\t\t\t\tdata-rsp_ch=\"on\"\n\t\t\t\t\t\t\t\tdata-xy=\"x:c;xo:1px,0,0,0;y:m;yo:196px,108px,132px,79px;\"\n\t\t\t\t\t\t\t\tdata-text=\"w:normal,nowrap,normal,normal;s:40,40,30,27;l:37,37,37,30;fw:700;a:center;\"\n\t\t\t\t\t\t\t\tdata-dim=\"w:768px,auto,1407px,90%;h:222px,auto,auto,auto;\"\n\t\t\t\t\t\t\t\tdata-frame_0=\"y:100%;tp:600;\"\n\t\t\t\t\t\t\t\tdata-frame_1=\"tp:600;e:power3.out;st:400;sp:2000;sR:400;\"\n\t\t\t\t\t\t\t\tdata-frame_999=\"o:0;tp:600;st:w;sR:6600;\"\n\t\t\t\t\t\t\t\tstyle=\"z-index:5;font-family:'PT Sans';\"\n\t\t\t\t\t\t\t>Seja bem vindo a uma nova era.<\/br>\nOs combust\u00edveis Galp s\u00e3o de \u00faltima gera\u00e7\u00e3o. \n\t\t\t\t\t\t\t<\/rs-layer><!--\n\n\t\t\t\t\t\t\t--><rs-layer\n\t\t\t\t\t\t\t\tid=\"slider-2-slide-4-layer-5\" \n\t\t\t\t\t\t\t\tdata-type=\"text\"\n\t\t\t\t\t\t\t\tdata-color=\"#afafaf\"\n\t\t\t\t\t\t\t\tdata-rsp_ch=\"on\"\n\t\t\t\t\t\t\t\tdata-xy=\"x:c;y:m;yo:193px,195px,196px,159px;\"\n\t\t\t\t\t\t\t\tdata-text=\"s:15,27,16,14;l:22,29,22,22;fw:700;a:center;\"\n\t\t\t\t\t\t\t\tdata-frame_0=\"y:100%;tp:600;\"\n\t\t\t\t\t\t\t\tdata-frame_1=\"tp:600;e:power4.inOut;st:0;sp:2000;\"\n\t\t\t\t\t\t\t\tdata-frame_999=\"o:0;tp:600;st:w;sR:7000;\"\n\t\t\t\t\t\t\t\tstyle=\"z-index:7;font-family:'PT Sans';\"\n\t\t\t\t\t\t\t>PARA ONDE QUER QUE V\u00c1, ESTAMOS AQUI MESMO AO SEU LADO PARA O ABASTECER. \n\t\t\t\t\t\t\t<\/rs-layer><!--\n\n\t\t\t\t\t\t\t--><rs-layer\n\t\t\t\t\t\t\t\tid=\"slider-2-slide-4-layer-7\" \n\t\t\t\t\t\t\t\tdata-type=\"text\"\n\t\t\t\t\t\t\t\tdata-color=\"#e8e8e8\"\n\t\t\t\t\t\t\t\tdata-rsp_ch=\"on\"\n\t\t\t\t\t\t\t\tdata-xy=\"x:c;xo:-2px,0,0,0;y:m;yo:54px,45px,68px,7px;\"\n\t\t\t\t\t\t\t\tdata-text=\"s:15,15,15,14;l:22;ls:1px,0,0,0;fw:700;a:inherit;\"\n\t\t\t\t\t\t\t\tdata-frame_0=\"y:100%;tp:600;\"\n\t\t\t\t\t\t\t\tdata-frame_1=\"tp:600;e:power4.inOut;st:0;sp:2000;\"\n\t\t\t\t\t\t\t\tdata-frame_999=\"o:0;tp:600;st:w;sR:7000;\"\n\t\t\t\t\t\t\t\tstyle=\"z-index:8;font-family:'PT Sans';\"\n\t\t\t\t\t\t\t>A SUA VIAGEM COME\u00c7A AQUI. \n\t\t\t\t\t\t\t<\/rs-layer><!--\n\n\t\t\t\t\t\t\t--><rs-layer\n\t\t\t\t\t\t\t\tid=\"slider-2-slide-4-layer-9\" \n\t\t\t\t\t\t\t\tdata-type=\"image\"\n\t\t\t\t\t\t\t\tdata-rsp_ch=\"on\"\n\t\t\t\t\t\t\t\tdata-xy=\"x:c;xo:3px,3px,3px,0;y:m;yo:267px,267px,267px,220px;\"\n\t\t\t\t\t\t\t\tdata-text=\"s:20,20,20,20;l:22;a:inherit;\"\n\t\t\t\t\t\t\t\tdata-dim=\"w:[&#039;110px&#039;,&#039;110px&#039;,&#039;110px&#039;,&#039;110px&#039;];h:[&#039;53px&#039;,&#039;53px&#039;,&#039;53px&#039;,&#039;53px&#039;];\"\n\t\t\t\t\t\t\t\tdata-frame_0=\"tp:600;\"\n\t\t\t\t\t\t\t\tdata-frame_1=\"tp:600;st:0;\"\n\t\t\t\t\t\t\t\tdata-frame_999=\"o:0;tp:600;st:w;sR:8700;\"\n\t\t\t\t\t\t\t\tstyle=\"z-index:9;\"\n\t\t\t\t\t\t\t><img decoding=\"async\" src=\"\/\/santosdacunha.com\/sc6\/wp-content\/plugins\/revslider\/sr6\/assets\/assets\/dummy.png\" alt=\"\" class=\"tp-rs-img rs-lazyload\" width=\"193\" height=\"93\" data-lazyload=\"\/\/santosdacunha.com\/sc6\/wp-content\/uploads\/2023\/10\/Galp-Energia_Santos-da-Cunha-6.png\" data-no-retina> \n\t\t\t\t\t\t\t<\/rs-layer><!--\n-->\t\t\t\t\t<\/rs-slide>\n\t\t\t\t\t<\/rs-slides>\n\t\t\t\t<\/rs-module>\n\t\t\t\t<script>\n\t\t\t\t\tsetREVStartSize({c: 'rev_slider_2_1',rl:[1240,1024,778,480],el:[],gw:[1240,1024,778,480],gh:[868,768,960,720],type:'hero',justify:'',layout:'fullwidth',mh:\"0\"});if (window.RS_MODULES!==undefined && window.RS_MODULES.modules!==undefined && window.RS_MODULES.modules[\"revslider21\"]!==undefined) {window.RS_MODULES.modules[\"revslider21\"].once = false;window.revapi2 = undefined;if (window.RS_MODULES.checkMinimal!==undefined) window.RS_MODULES.checkMinimal()}\n\t\t\t\t<\/script>\n\t\t\t<\/rs-module-wrap>\n\t\t\t<!-- END REVOLUTION SLIDER -->\n[\/vc_column][\/vc_row][vc_row css=&#8221;.vc_custom_1697015708067{background-color: #000000 !important;}&#8221;][vc_column][dfd_spacer screen_wide_spacer_size=&#8221;50&#8243; screen_normal_resolution=&#8221;1024&#8243; screen_tablet_resolution=&#8221;800&#8243; screen_mobile_resolution=&#8221;480&#8243;][\/vc_column][\/vc_row][vc_row dfd_row_config=&#8221;full_width_content&#8221; css=&#8221;.vc_custom_1697015423996{padding-right: 50px !important;padding-left: 100px !important;background-color: #000000 !important;}&#8221;][vc_column width=&#8221;1\/2&#8243; offset=&#8221;vc_hidden-sm vc_hidden-xs&#8221; col_shadow=&#8221;box_shadow_enable:disable|shadow_horizontal:0|shadow_vertical:15|shadow_blur:50|shadow_spread:0|box_shadow_color:rgba(0%2C0%2C0%2C0.35)&#8221; col_shadow_hover=&#8221;box_shadow_enable:disable|shadow_horizontal:0|shadow_vertical:15|shadow_blur:50|shadow_spread:0|box_shadow_color:rgba(0%2C0%2C0%2C0.35)&#8221;][dfd_videoplayer video_link=&#8221;https:\/\/player.vimeo.com\/video\/248398518&#8243; main_style=&#8221;style-1&#8243; video_thumb=&#8221;41&#8243;][\/vc_column][vc_column width=&#8221;1\/2&#8243; css=&#8221;.vc_custom_1709314136420{padding-right: 100px !important;padding-left: 50px !important;}&#8221; col_shadow=&#8221;box_shadow_enable:disable|shadow_horizontal:0|shadow_vertical:15|shadow_blur:50|shadow_spread:0|box_shadow_color:rgba(0%2C0%2C0%2C0.35)&#8221; col_shadow_hover=&#8221;box_shadow_enable:disable|shadow_horizontal:0|shadow_vertical:15|shadow_blur:50|shadow_spread:0|box_shadow_color:rgba(0%2C0%2C0%2C0.35)&#8221; offset=&#8221;vc_hidden-sm vc_hidden-xs&#8221;][dfd_heading subtitle=&#8221;&#8221; content_alignment=&#8221;text-left&#8221; enable_delimiter=&#8221;&#8221; title_font_options=&#8221;tag:h2|font_size:20|color:%23ffffff|line_height:25&#8243; subtitle_font_options=&#8221;tag:div&#8221;]<\/p>\n<p style=\"text-align: left;\">Conhe\u00e7a a esp\u00e9cie mais<br \/>\navan\u00e7ada de combust\u00edvel.<\/p>\n<p>[\/dfd_heading][dfd_spacer screen_wide_spacer_size=&#8221;15&#8243; screen_normal_resolution=&#8221;1024&#8243; screen_tablet_resolution=&#8221;800&#8243; screen_mobile_resolution=&#8221;480&#8243;][vc_column_text]O Galp Evologic \u00e9 a esp\u00e9cie mais avan\u00e7ada de combust\u00edvel. Um combust\u00edvel mais evolu\u00eddo, com aditivos que melhoram a performance e que protegem o motor do seu carro garantindo uma maior poupan\u00e7a em rela\u00e7\u00e3o aos combust\u00edveis simples. Evologic representa tamb\u00e9m uma evolu\u00e7\u00e3o na redu\u00e7\u00e3o das emiss\u00f5es, sendo mais ben\u00e9fico para o ambiente. Ao proteger o motor e maximizar a sua performance, os combust\u00edveis da gama Evologic possibilitam igualmente uma maior poupan\u00e7a e o prolongamento da vida \u00fatil do motor. E porque a mesma pot\u00eancia \u00e9 atingida de forma mais eficiente, tamb\u00e9m as emiss\u00f5es s\u00e3o reduzidas, com ganhos para o ambiente. Est\u00e1 dispon\u00edvel o gas\u00f3leo Evologic, a gasolina Evologic 95 e a gasolina Evologic 98. T\u00e3o \u00e0 frente que parece que todos os outros andam para tr\u00e1s.[\/vc_column_text][\/vc_column][\/vc_row][vc_row css=&#8221;.vc_custom_1697015719667{background-color: #000000 !important;}&#8221;][vc_column][dfd_spacer screen_wide_spacer_size=&#8221;50&#8243; screen_normal_resolution=&#8221;1024&#8243; screen_tablet_resolution=&#8221;800&#8243; screen_mobile_resolution=&#8221;480&#8243;][\/vc_column][\/vc_row]<\/p>\n<\/div>","protected":false},"excerpt":{"rendered":"<p>[vc_row][vc_column][\/vc_column][\/vc_row][vc_row css=&#8221;.vc_custom_1697015708067{background-color: #000000 !important;}&#8221;][vc_column][dfd_spacer screen_wide_spacer_size=&#8221;50&#8243; screen_normal_resolution=&#8221;1024&#8243; screen_tablet_resolution=&#8221;800&#8243; screen_mobile_resolution=&#8221;480&#8243;][\/vc_column][\/vc_row][vc_row dfd_row_config=&#8221;full_width_content&#8221; css=&#8221;.vc_custom_1697015423996{padding-right: 50px !important;padding-left: 100px !important;background-color: #000000 !important;}&#8221;][vc_column width=&#8221;1\/2&#8243; offset=&#8221;vc_hidden-sm vc_hidden-xs&#8221; col_shadow=&#8221;box_shadow_enable:disable|shadow_horizontal:0|shadow_vertical:15|shadow_blur:50|shadow_spread:0|box_shadow_color:rgba(0%2C0%2C0%2C0.35)&#8221; col_shadow_hover=&#8221;box_shadow_enable:disable|shadow_horizontal:0|shadow_vertical:15|shadow_blur:50|shadow_spread:0|box_shadow_color:rgba(0%2C0%2C0%2C0.35)&#8221;][dfd_videoplayer video_link=&#8221;https:\/\/player.vimeo.com\/video\/248398518&#8243; main_style=&#8221;style-1&#8243; video_thumb=&#8221;41&#8243;][\/vc_column][vc_column width=&#8221;1\/2&#8243; css=&#8221;.vc_custom_1709314136420{padding-right: 100px !important;padding-left: 50px !important;}&#8221;<\/p>\n","protected":false},"author":1,"featured_media":0,"parent":0,"menu_order":0,"comment_status":"closed","ping_status":"closed","template":"tmp-page.php","meta":{"footnotes":""},"class_list":["post-927","page","type-page","status-publish","hentry"],"_links":{"self":[{"href":"https:\/\/santosdacunha.com\/sc6\/wp-json\/wp\/v2\/pages\/927","targetHints":{"allow":["GET"]}}],"collection":[{"href":"https:\/\/santosdacunha.com\/sc6\/wp-json\/wp\/v2\/pages"}],"about":[{"href":"https:\/\/santosdacunha.com\/sc6\/wp-json\/wp\/v2\/types\/page"}],"author":[{"embeddable":true,"href":"https:\/\/santosdacunha.com\/sc6\/wp-json\/wp\/v2\/users\/1"}],"replies":[{"embeddable":true,"href":"https:\/\/santosdacunha.com\/sc6\/wp-json\/wp\/v2\/comments?post=927"}],"version-history":[{"count":14,"href":"https:\/\/santosdacunha.com\/sc6\/wp-json\/wp\/v2\/pages\/927\/revisions"}],"predecessor-version":[{"id":991,"href":"https:\/\/santosdacunha.com\/sc6\/wp-json\/wp\/v2\/pages\/927\/revisions\/991"}],"wp:attachment":[{"href":"https:\/\/santosdacunha.com\/sc6\/wp-json\/wp\/v2\/media?parent=927"}],"curies":[{"name":"wp","href":"https:\/\/api.w.org\/{rel}","templated":true}]}}